{"id":24,"date":"2015-11-02T07:16:27","date_gmt":"2015-11-02T07:16:27","guid":{"rendered":"http:\/\/zozothemes.com\/wp\/mistwp\/medical\/?page_id=24"},"modified":"2024-10-21T11:57:14","modified_gmt":"2024-10-21T08:57:14","slug":"iletisim","status":"publish","type":"page","link":"https:\/\/www.kardelengencer.com\/en\/iletisim\/","title":{"rendered":"Communication"},"content":{"rendered":"<div class=\"wpb-content-wrapper\"><section class=\"vc_row wpb_row vc_row-fluid vc_custom_1491912314820 vc-zozo-section typo-default\"><div class=\"zozo-vc-main-row-inner vc-normal-section\"><div class=\"container\"><div class=\"row\"><div class=\"wpb_column vc_main_column vc_column_container vc_col-sm-12 typo-default\"><div class=\"vc_column-inner\"><div class=\"wpb_wrapper\"><div class=\"wpb_gmaps_widget wpb_content_element\"><div class=\"wpb_wrapper\"><div class=\"wpb_map_wraper\"><iframe src=\"https:\/\/www.google.com\/maps\/embed?pb=!1m18!1m12!1m3!1d3008.622817201691!2d28.996514775860955!3d41.0553767713439!2m3!1f0!2f0!3f0!3m2!1i1024!2i768!4f13.1!3m3!1m2!1s0x14cab707a2d6c367%3A0x32dc7347c35995c7!2sFulya%20Sportomed!5e0!3m2!1str!2str!4v1715357304931!5m2!1str!2str\" width=\"600\" height=\"450\" style=\"border:0;\" allowfullscreen=\"\" loading=\"lazy\" referrerpolicy=\"no-referrer-when-downgrade\"><\/iframe><\/div><\/div><\/div><\/div><\/div><\/div><\/div><\/div><\/div><\/section>\r\n\t\r\r\n\r\n\r\r\n\r\n\r\r\n\t<section class=\"vc_row wpb_row vc_row-fluid vc_custom_1491912969983 vc-zozo-section typo-default\"><div class=\"zozo-vc-main-row-inner vc-normal-section\"><div class=\"container\"><div class=\"row\"><div class=\"wpb_column vc_main_column vc_column_container vc_col-sm-6 typo-default\"><div class=\"vc_column-inner\"><div class=\"wpb_wrapper\"><div class=\"zozo-parallax-header\"><div class=\"parallax-header content-style-default\"><h2 class=\"parallax-title text-left\">Contact Form<\/h2><\/div><\/div>\n<div class=\"wpcf7 no-js\" id=\"wpcf7-f11325-o1\" lang=\"tr-TR\" dir=\"ltr\" data-wpcf7-id=\"11325\">\n<div class=\"screen-reader-response\"><p role=\"status\" aria-live=\"polite\" aria-atomic=\"true\"><\/p> <ul><\/ul><\/div>\n<form action=\"\/en\/wp-json\/wp\/v2\/pages\/24#wpcf7-f11325-o1\" method=\"post\" class=\"wpcf7-form init\" aria-label=\"Contact Form\" novalidate=\"novalidate\" data-status=\"init\" data-trp-original-action=\"\/en\/wp-json\/wp\/v2\/pages\/24#wpcf7-f11325-o1\">\n<fieldset class=\"hidden-fields-container\"><input type=\"hidden\" name=\"_wpcf7\" value=\"11325\" \/><input type=\"hidden\" name=\"_wpcf7_version\" value=\"6.1.5\" \/><input type=\"hidden\" name=\"_wpcf7_locale\" value=\"tr_TR\" \/><input type=\"hidden\" name=\"_wpcf7_unit_tag\" value=\"wpcf7-f11325-o1\" \/><input type=\"hidden\" name=\"_wpcf7_container_post\" value=\"0\" \/><input type=\"hidden\" name=\"_wpcf7_posted_data_hash\" value=\"\" \/>\n<\/fieldset>\n<p><label> Ad\u0131n\u0131z<br \/>\n<span class=\"wpcf7-form-control-wrap\" data-name=\"your-name\"><input size=\"40\" maxlength=\"400\" class=\"wpcf7-form-control wpcf7-text wpcf7-validates-as-required\" autocomplete=\"name\" aria-required=\"true\" aria-invalid=\"false\" value=\"\" type=\"text\" name=\"your-name\" \/><\/span> <\/label>\n<\/p>\n<p><label> E-posta Adresiniz<br \/>\n<span class=\"wpcf7-form-control-wrap\" data-name=\"your-email\"><input size=\"40\" maxlength=\"400\" class=\"wpcf7-form-control wpcf7-email wpcf7-validates-as-required wpcf7-text wpcf7-validates-as-email\" autocomplete=\"email\" aria-required=\"true\" aria-invalid=\"false\" value=\"\" type=\"email\" name=\"your-email\" \/><\/span> <\/label>\n<\/p>\n<p><label> Konu<br \/>\n<span class=\"wpcf7-form-control-wrap\" data-name=\"your-subject\"><input size=\"40\" maxlength=\"400\" class=\"wpcf7-form-control wpcf7-text wpcf7-validates-as-required\" aria-required=\"true\" aria-invalid=\"false\" value=\"\" type=\"text\" name=\"your-subject\" \/><\/span> <\/label>\n<\/p>\n<p><label> \u0130letiniz (Tercihe Ba\u011fl\u0131)<br \/>\n<span class=\"wpcf7-form-control-wrap\" data-name=\"your-message\"><textarea cols=\"40\" rows=\"10\" maxlength=\"2000\" class=\"wpcf7-form-control wpcf7-textarea\" aria-invalid=\"false\" name=\"your-message\"><\/textarea><\/span> <\/label>\n<\/p>\n<p><input class=\"wpcf7-form-control wpcf7-submit has-spinner\" type=\"submit\" value=\"Send\" \/>\n<\/p><div class=\"wpcf7-response-output\" aria-hidden=\"true\"><\/div>\n<input type=\"hidden\" name=\"trp-form-language\" value=\"en\"\/><\/form>\n<\/div>\n<\/div><\/div><\/div><div class=\"wpb_column vc_main_column vc_column_container vc_col-sm-6 typo-default\"><div class=\"vc_column-inner\"><div class=\"wpb_wrapper\"><div class=\"zozo-parallax-header\"><div class=\"parallax-header content-style-default\"><h2 class=\"parallax-title text-left\">Contact Us<\/h2><\/div><\/div><div class=\"zozo-vc-custom-css\" data-css=\"#feature-box-1 .grid-item .grid-box-inner .grid-icon { color:#ffffff; }#feature-box-1 .grid-item:hover .grid-box-inner .icon-hv-bg-icon .grid-icon { color:#ffffff; }\"><\/div><div class=\"zozo-feature-box feature-box-style style-default-box style-sep-yes  clearfix\" id=\"feature-box-1\"><div class=\"grid-item\"><div class=\"grid-box-inner grid-text-left grid-box-normal grid-box-icon-circle grid-icon-shape grid-shape-none\"><div class=\"grid-icon-wrapper icon-hv-bg-icon shape-icon-circle\"><i class=\"fa fa-map-marker grid-icon zozo-icon icon-shape icon-circle icon-skin-default icon-bg pattern-1 icon-normal\"><\/i><\/div><div class=\"grid-content-wrapper\"><h5 class=\"grid-title\" >ADDRESS<\/h5><div class=\"grid-desc\" ><p>Dikilita\u015f MAh. The Right-Contained Cad. No: 14\/5 Fulya<\/p>\n<p>Besiktas Istanbul<\/p>\n<\/div><\/div><\/div><\/div><\/div><div class=\"zozo-vc-custom-css\" data-css=\"#feature-box-2 .grid-item .grid-box-inner .grid-icon { color:#ffffff; }#feature-box-2 .grid-item:hover .grid-box-inner .icon-hv-bg-icon .grid-icon { color:#ffffff; }\"><\/div><div class=\"zozo-feature-box feature-box-style style-default-box style-sep-yes  clearfix\" id=\"feature-box-2\"><div class=\"grid-item\"><div class=\"grid-box-inner grid-text-left grid-box-normal grid-box-icon-circle grid-icon-shape grid-shape-none\"><div class=\"grid-icon-wrapper icon-hv-bg-icon shape-icon-circle\"><i class=\"fa fa-volume-control-phone grid-icon zozo-icon icon-shape icon-circle icon-skin-default icon-bg pattern-1 icon-normal\"><\/i><\/div><div class=\"grid-content-wrapper\"><h5 class=\"grid-title\" >PHONE<\/h5><div class=\"grid-desc\" ><p><a href=\"tel:+90 212 219 68 66\">+90 212 219 68 66<\/a><\/p>\n<p><a href=\"tel:+90 533 381 74 14\">+90 533 381 74 14<\/a><\/p>\n<\/div><\/div><\/div><\/div><\/div><div class=\"zozo-vc-custom-css\" data-css=\"#feature-box-3 .grid-item .grid-box-inner .grid-icon { color:#ffffff; }#feature-box-3 .grid-item:hover .grid-box-inner .icon-hv-bg-icon .grid-icon { color:#ffffff; }\"><\/div><div class=\"zozo-feature-box feature-box-style style-default-box style-sep-yes  clearfix\" id=\"feature-box-3\"><div class=\"grid-item\"><div class=\"grid-box-inner grid-text-left grid-box-normal grid-box-icon-circle grid-icon-shape grid-shape-none\"><div class=\"grid-icon-wrapper icon-hv-bg-icon shape-icon-circle\"><i class=\"fa fa-envelope-o grid-icon zozo-icon icon-shape icon-circle icon-skin-default icon-bg pattern-1 icon-normal\"><\/i><\/div><div class=\"grid-content-wrapper\"><h5 class=\"grid-title\" >MAIL<\/h5><div class=\"grid-desc\" ><p><a href=\"mailto:fulya@sportomed.com.tr\">fulya@sportomed.com.tr<\/a><\/p>\n<\/div><\/div><\/div><\/div><\/div><\/div><\/div><\/div><\/div><\/div><\/div><\/section>\n<\/div>","protected":false},"excerpt":{"rendered":"\u0130leti\u015fim Formu Ad\u0131n\u0131z E-posta Adresiniz Konu \u0130letiniz (Tercihe Ba\u011fl\u0131) Bize Ula\u015f\u0131nADRESDikilita\u015f Mah. Hakk\u0131 Yeten Cad. No: 14\/5 Fulya Be\u015fikta\u015f \u0130STANBUL TELEFON+90 212 219 68 66 +90 533 381 74 14 MAILfulya@sportomed.com.tr","protected":false},"author":1,"featured_media":0,"parent":0,"menu_order":0,"comment_status":"closed","ping_status":"closed","template":"template-fullwidth.php","meta":{"footnotes":""},"class_list":["post-24","page","type-page","status-publish","hentry"],"_links":{"self":[{"href":"https:\/\/www.kardelengencer.com\/en\/wp-json\/wp\/v2\/pages\/24","targetHints":{"allow":["GET"]}}],"collection":[{"href":"https:\/\/www.kardelengencer.com\/en\/wp-json\/wp\/v2\/pages"}],"about":[{"href":"https:\/\/www.kardelengencer.com\/en\/wp-json\/wp\/v2\/types\/page"}],"author":[{"embeddable":true,"href":"https:\/\/www.kardelengencer.com\/en\/wp-json\/wp\/v2\/users\/1"}],"replies":[{"embeddable":true,"href":"https:\/\/www.kardelengencer.com\/en\/wp-json\/wp\/v2\/comments?post=24"}],"version-history":[{"count":10,"href":"https:\/\/www.kardelengencer.com\/en\/wp-json\/wp\/v2\/pages\/24\/revisions"}],"predecessor-version":[{"id":11690,"href":"https:\/\/www.kardelengencer.com\/en\/wp-json\/wp\/v2\/pages\/24\/revisions\/11690"}],"wp:attachment":[{"href":"https:\/\/www.kardelengencer.com\/en\/wp-json\/wp\/v2\/media?parent=24"}],"curies":[{"name":"wp","href":"https:\/\/api.w.org\/{rel}","templated":true}]}}