{"id":22,"date":"2015-11-02T07:15:11","date_gmt":"2015-11-02T07:15:11","guid":{"rendered":"http:\/\/zozothemes.com\/wp\/mistwp\/medical\/?page_id=22"},"modified":"2024-05-11T14:06:22","modified_gmt":"2024-05-11T11:06:22","slug":"blog","status":"publish","type":"page","link":"https:\/\/www.kardelengencer.com\/en\/blog\/","title":{"rendered":"Blog"},"content":{"rendered":"<div class=\"wpb-content-wrapper\"><section class=\"vc_row wpb_row vc_row-fluid vc_custom_1488972344455 vc-zozo-section typo-default\"><div class=\"zozo-vc-main-row-inner vc-normal-section\"><div class=\"wpb_column vc_main_column vc_column_container vc_col-sm-12 typo-default\"><div class=\"vc_column-inner\"><div class=\"wpb_wrapper\"><div id=\"zozo-blog-posts-container\" class=\"zozo-blog-posts-wrapper zozo-isotope-grid-system\"><div id=\"archive-posts-container\" class=\"zozo-posts-container large-layout clearfix\"><article id=\"post-392\" class=\"large-posts post-392 post type-post status-publish format-standard has-post-thumbnail hentry category-fizik-tedavi\"><div class=\"post-inner-wrapper\"><div class=\"post-featured-image only-image\"><div class=\"entry-thumbnail-wrapper\"><div class=\"entry-thumbnail\"><a href=\"https:\/\/www.kardelengencer.com\/en\/tedavi-yontemlerine-gore-fizik-tedavi\/\" title=\"According To The Method Of Treatment, Physical Therapy\" class=\"post-img\"><img loading=\"lazy\" decoding=\"async\" width=\"1170\" height=\"500\" src=\"https:\/\/www.kardelengencer.com\/wp-content\/uploads\/2024\/05\/2149227880-1170x500.jpg\" class=\"attachment-medicalhealth-blog-large size-medicalhealth-blog-large wp-post-image\" alt=\"\" \/><\/a><div class=\"post-date-wrap\"><p class=\"post-date\"><i class=\"fa fa-calendar-check-o\"><\/i>04.05.2024<\/span><\/p><\/div><\/div><\/div><\/div><div class=\"entry-header\"><h2 class=\"entry-title\"><a href=\"https:\/\/www.kardelengencer.com\/en\/tedavi-yontemlerine-gore-fizik-tedavi\/\" rel=\"bookmark\" title=\"According To The Method Of Treatment, Physical Therapy\">According To The Method Of Treatment, Physical Therapy<\/a><\/h2><\/div><div class=\"posts-content-container\"><div class=\"entry-summary clearfix\"><p>\nManual therapy: manual therapy, is a treatment that is made with hands, practiced by physical therapist. Improve joint movement and flexibility, Nov reduce spasm and relieve pain and inflammation, and is used to promote tissue healing. Manual therapy techniques include:\n\n\nMassage: relax muscles, improve blood circulation and relieve the pain that is applied to soft tissue manipulation.\nMobilization: to increase the range of joint motion, and gentle stretching maneuvers.\nManipulation: immediate to restore joint function and a controlled motion.\n\n\nExercise therapy exercise therapy, strengthen muscles, range of motion and flexibility<\/p><\/div><div class=\"entry-meta-wrapper\"><div class=\"entry-meta\"><div class=\"post-author\"><img alt='' src='https:\/\/www.kardelengencer.com\/wp-content\/litespeed\/avatar\/102d0bb67d45709b8e6dc84257aed221.jpg?ver=1776163360' srcset='https:\/\/www.kardelengencer.com\/wp-content\/litespeed\/avatar\/6a0b314a7e08add2cc705c3a7b0cc28b.jpg?ver=1776163360 2x' class='avatar avatar-40 photo' height='40' width='40' \/><h6 class=\"post-author-name\"><a href=\"https:\/\/www.kardelengencer.com\/en\/author\/kardelengencer\/\" title=\"Posts by kardelengencer\" rel=\"author\">kardelengencer<\/a><\/h6><\/div><\/div><div class=\"read-more\"><a href=\"https:\/\/www.kardelengencer.com\/en\/tedavi-yontemlerine-gore-fizik-tedavi\/\" class=\"btn-more read-more-link\">Read<\/a><\/div><\/div><\/div><\/div><\/article><article id=\"post-395\" class=\"large-posts post-395 post type-post status-publish format-standard has-post-thumbnail hentry category-fizik-tedavi\"><div class=\"post-inner-wrapper\"><div class=\"post-featured-image only-image\"><div class=\"entry-thumbnail-wrapper\"><div class=\"entry-thumbnail\"><a href=\"https:\/\/www.kardelengencer.com\/en\/hastalik-sorunlara-gore-fizik-tedavi\/\" title=\"Illness\/The Issue, According To Physical Therapy\" class=\"post-img\"><img loading=\"lazy\" decoding=\"async\" width=\"1170\" height=\"500\" src=\"https:\/\/www.kardelengencer.com\/wp-content\/uploads\/2024\/04\/2149047495-1170x500.jpg\" class=\"attachment-medicalhealth-blog-large size-medicalhealth-blog-large wp-post-image\" alt=\"\" \/><\/a><div class=\"post-date-wrap\"><p class=\"post-date\"><i class=\"fa fa-calendar-check-o\"><\/i>05.04.2024<\/span><\/p><\/div><\/div><\/div><\/div><div class=\"entry-header\"><h2 class=\"entry-title\"><a href=\"https:\/\/www.kardelengencer.com\/en\/hastalik-sorunlara-gore-fizik-tedavi\/\" rel=\"bookmark\" title=\"Illness\/The Issue, According To Physical Therapy\">Illness\/The Issue, According To Physical Therapy<\/a><\/h2><\/div><div class=\"posts-content-container\"><div class=\"entry-summary clearfix\"><p>\nPhysical therapy for low back pain: low back pain is one of the most common health problems can be caused by many different factors. Physical therapy is a highly effective method in the treatment of low back pain. FTR specialist, conducts a thorough evaluation to determine the cause of low back pain, if necessary, radiological imaging methods to benefit from. As a result of this treatment methods such as medication or injections to be applied according to the patient&#039;s condition, and the physical therapy program plans. These treatments, reduce back pain, improve flexibility and improve the range of motion of your waist, abdominal, back and leg muscles, strengthen, and sleep<\/p><\/div><div class=\"entry-meta-wrapper\"><div class=\"entry-meta\"><div class=\"post-author\"><img alt='' src='https:\/\/www.kardelengencer.com\/wp-content\/litespeed\/avatar\/102d0bb67d45709b8e6dc84257aed221.jpg?ver=1776163360' srcset='https:\/\/www.kardelengencer.com\/wp-content\/litespeed\/avatar\/6a0b314a7e08add2cc705c3a7b0cc28b.jpg?ver=1776163360 2x' class='avatar avatar-40 photo' height='40' width='40' \/><h6 class=\"post-author-name\"><a href=\"https:\/\/www.kardelengencer.com\/en\/author\/kardelengencer\/\" title=\"Posts by kardelengencer\" rel=\"author\">kardelengencer<\/a><\/h6><\/div><\/div><div class=\"read-more\"><a href=\"https:\/\/www.kardelengencer.com\/en\/hastalik-sorunlara-gore-fizik-tedavi\/\" class=\"btn-more read-more-link\">Read<\/a><\/div><\/div><\/div><\/div><\/article><\/div><\/div><\/div><\/div><\/div><\/div><\/section>\r\n\t\r\r\n\r\n\r\r\n\r\n\r\r\n\t<section data-vc-full-width=\"true\" data-vc-full-width-init=\"false\" data-vc-stretch-content=\"true\" class=\"vc_row wpb_row vc_row-fluid additional-call-to-action vc_custom_1502431684417 vc_row-has-fill vc-zozo-section typo-light bg-style bg-normal\"><div class=\"zozo-vc-main-row-inner vc-normal-section\"><div class=\"container\"><div class=\"row\"><div class=\"wpb_column vc_main_column vc_column_container vc_col-sm-12 typo-default\"><div class=\"vc_column-inner\"><div class=\"wpb_wrapper\"><div class=\"vc_row wpb_row vc_inner vc_row-fluid vc_custom_1502178582382\"><div class=\"zozo-vc-row-inner vc-inner-row-section clearfix\"><div class=\"wpb_column vc_column_inner vc_column_container vc_col-sm-12 vc_col-lg-1 vc_col-md-12 typo-default\"><div class=\"vc_column-inner\"><div class=\"wpb_wrapper\"><\/div><\/div><\/div><div class=\"wpb_column vc_column_inner vc_column_container vc_col-sm-12 vc_col-lg-8 vc_col-md-12 typo-default\"><div class=\"vc_column-inner\"><div class=\"wpb_wrapper\"><div class=\"zozo-vc-custom-css\" data-css=\"#feature-box-1 .grid-item .grid-box-inner .grid-icon { border-color:#ffffff; color:#ffffff; }\"><\/div><div class=\"zozo-feature-box feature-box-style style-default-box style-sep-yes vc_custom_1715425574070 clearfix\" id=\"feature-box-1\"><div class=\"grid-item\"><div class=\"grid-box-inner grid-text-left grid-box-image grid-shape-none\"><div class=\"grid-content-wrapper\"><h2 class=\"grid-title margin-bottom-0\" >Contact us for more information<\/h2><\/div><\/div><\/div><\/div><\/div><\/div><\/div><div class=\"wpb_column vc_column_inner vc_column_container vc_col-sm-12 vc_col-lg-2 vc_col-md-12 typo-default\"><div class=\"vc_column-inner vc_custom_1502178113266\"><div class=\"wpb_wrapper\"><div class=\"vc_btn3-container  additional-btn vc_btn3-right\" ><a class=\"vc_general vc_btn3 vc_btn3-size-md vc_btn3-shape-square vc_btn3-style-default vc_btn3-color-white\" href=\"https:\/\/www.kardelengencer.com\/en\/iletisim\/\" title=\"Communication\">Communication<\/a><\/div><\/div><\/div><\/div><div class=\"wpb_column vc_column_inner vc_column_container vc_col-sm-12 vc_col-lg-1 vc_col-md-12 typo-default\"><div class=\"vc_column-inner\"><div class=\"wpb_wrapper\"><\/div><\/div><\/div><\/div><\/div><\/div><\/div><\/div><\/div><\/div><\/div><\/section>\r\n\t\r\r\n\r\n\r\r\n<div class=\"vc_row-full-width vc_clearfix\"><\/div>\n<\/div>","protected":false},"excerpt":{"rendered":"Bel a\u011fr\u0131s\u0131 i\u00e7in fizik tedavi: Bel a\u011fr\u0131s\u0131, en yayg\u0131n sa\u011fl\u0131k sorunlar\u0131ndan biridir ve bir\u00e7ok farkl\u0131 nedenden kaynaklanabilir. Fizik tedavi, bel a\u011fr\u0131s\u0131n\u0131n tedavisinde olduk\u00e7a etkili bir y\u00f6ntemdir. FTR uzman\u0131, bel a\u011fr\u0131s\u0131n\u0131n nedenini belirlemek i\u00e7in detayl\u0131 bir de\u011ferlendirme yapar, gerekirse radyolojik g\u00f6r\u00fcnt\u00fcleme y\u00f6ntemlerinden faydalan\u0131r. Bunlar\u0131n sonucunda hastan\u0131n durumuna g\u00f6re uygulanacak ila\u00e7 veya enjeksiyon gibi tedavi y\u00f6ntemlerini ve fizik tedavi program\u0131n\u0131 ile planlar....","protected":false},"author":1,"featured_media":0,"parent":0,"menu_order":0,"comment_status":"closed","ping_status":"closed","template":"","meta":{"footnotes":""},"class_list":["post-22","page","type-page","status-publish","hentry"],"_links":{"self":[{"href":"https:\/\/www.kardelengencer.com\/en\/wp-json\/wp\/v2\/pages\/22","targetHints":{"allow":["GET"]}}],"collection":[{"href":"https:\/\/www.kardelengencer.com\/en\/wp-json\/wp\/v2\/pages"}],"about":[{"href":"https:\/\/www.kardelengencer.com\/en\/wp-json\/wp\/v2\/types\/page"}],"author":[{"embeddable":true,"href":"https:\/\/www.kardelengencer.com\/en\/wp-json\/wp\/v2\/users\/1"}],"replies":[{"embeddable":true,"href":"https:\/\/www.kardelengencer.com\/en\/wp-json\/wp\/v2\/comments?post=22"}],"version-history":[{"count":2,"href":"https:\/\/www.kardelengencer.com\/en\/wp-json\/wp\/v2\/pages\/22\/revisions"}],"predecessor-version":[{"id":11498,"href":"https:\/\/www.kardelengencer.com\/en\/wp-json\/wp\/v2\/pages\/22\/revisions\/11498"}],"wp:attachment":[{"href":"https:\/\/www.kardelengencer.com\/en\/wp-json\/wp\/v2\/media?parent=22"}],"curies":[{"name":"wp","href":"https:\/\/api.w.org\/{rel}","templated":true}]}}