{"id":11518,"date":"2024-05-12T23:16:31","date_gmt":"2024-05-12T20:16:31","guid":{"rendered":"https:\/\/www.kardelengencer.com\/?page_id=11518"},"modified":"2026-02-24T23:43:45","modified_gmt":"2026-02-24T20:43:45","slug":"ekibimiz","status":"publish","type":"page","link":"https:\/\/www.kardelengencer.com\/en\/ekibimiz\/","title":{"rendered":"Our team"},"content":{"rendered":"<div class=\"wpb-content-wrapper\"><section class=\"vc_row wpb_row vc_row-fluid vc_custom_1715631434334 vc-zozo-section typo-default\"><div class=\"zozo-vc-main-row-inner vc-normal-section\"><div class=\"wpb_column vc_main_column vc_column_container vc_col-sm-12 typo-default\"><div class=\"vc_column-inner\"><div class=\"wpb_wrapper\"><div class=\"zozo-parallax-header\"><div class=\"parallax-header content-style-default\"><h2 class=\"parallax-title\">Our team<\/h2><\/div><\/div><\/div><\/div><\/div><\/div><\/section>\r\n\t\r\r\n\r\n\r\r\n\r\n\r\r\n\t<section data-vc-full-width=\"true\" data-vc-full-width-init=\"false\" data-vc-parallax=\"1.5\" data-vc-parallax-image=\"https:\/\/www.kardelengencer.com\/wp-content\/uploads\/2015\/11\/medical-bg-1.jpg\" class=\"vc_row wpb_row vc_row-fluid vc_custom_1724683286387 vc_row-has-fill vc_general vc_parallax vc_parallax-content-moving vc-zozo-section typo-light bg-overlay-primary\"><div class=\"zozo-vc-main-row-inner vc-normal-section\"><div class=\"container\"><div class=\"row\"><div class=\"section-spacing-1024 wpb_column vc_main_column vc_column_container vc_col-sm-6 vc_col-lg-6 vc_col-md-12 typo-default\"><div class=\"vc_column-inner\"><div class=\"wpb_wrapper\">\n\t<div class=\"wpb_text_column wpb_content_element\" >\n\t\t<div class=\"wpb_wrapper\">\n\t\t\t<p aria-live=\"polite\" aria-atomic=\"true\"><span class=\"\">Sportomed Clinic was established in 2003 and 2013 Be\u015fikta\u015f Fulya, Fulya service. 15 patients in our clinic can be serviced at the same time, hygienic and locker rooms and shower facilities are available.<\/span><\/p>\n<p aria-live=\"polite\" aria-atomic=\"true\"><span class=\"\">Our Patients Assoc. Snowdrop by Dr. Atalay Gencer personalized physical therapy program. Prior to treatment or during the necessary injections can be performed under ultrasound guidance and can be used in methods of IV therapy. Our experienced physiotherapists heating of superficial and deep, therapeutic electrical currents, electromagnetic fields, are implementing various manual therapy techniques and exercise programs.<\/span><\/p>\n<p aria-live=\"polite\" aria-atomic=\"true\"><span class=\"\">Also kayropraksi and osteopathy, clinical pilates reformer for Schroth scoliosis and posture with treatment programs are also offered. Sportomed Clinic, since the establishment of professional athletes and serves thousands of patients who need physical therapy.<\/span><\/p>\n\n\t\t<\/div>\n\t<\/div>\n<\/div><\/div><\/div><div class=\"wpb_column vc_main_column vc_column_container vc_col-sm-6 vc_col-lg-6 vc_col-md-12 typo-default\"><div class=\"vc_column-inner\"><div class=\"wpb_wrapper\"><div class=\"vc_empty_space\"   style=\"height: 12px\"><span class=\"vc_empty_space_inner\"><\/span><\/div>\n\t<div class=\"wpb_video_widget wpb_content_element vc_clearfix   vc_video-aspect-ratio-169 vc_video-el-width-100 vc_video-align-center\" >\n\t\t<div class=\"wpb_wrapper\">\n\t\t\t\n\t\t\t<div class=\"wpb_video_wrapper\"><iframe loading=\"lazy\" title=\"Fulya Sportomed\" width=\"500\" height=\"281\" src=\"https:\/\/www.youtube.com\/embed\/Sf8lflc21rk?feature=oembed\" frameborder=\"0\" allow=\"accelerometer; autoplay; clipboard-write; encrypted-media; gyroscope; picture-in-picture; web-share\" referrerpolicy=\"strict-origin-when-cross-origin\" allowfullscreen><\/iframe><\/div>\n\t\t<\/div>\n\t<\/div>\n<\/div><\/div><\/div><\/div><\/div><\/div><\/section>\r\n\t\r\r\n\r\n\r\r\n<div class=\"vc_row-full-width vc_clearfix\"><\/div>\r\n\r\r\n\t<section class=\"vc_row wpb_row vc_row-fluid vc-zozo-section typo-default\"><div class=\"zozo-vc-main-row-inner vc-normal-section\"><div class=\"wpb_column vc_main_column vc_column_container vc_col-sm-12 typo-default\"><div class=\"vc_column-inner\"><div class=\"wpb_wrapper\"><div class=\"zozo-team-grid-wrapper team-box_type team-columns-3\"><div class=\"row team-grid-inner\"><div class=\"team-item col-md-4 col-xs-12\"><div class=\"team-item-inner\"><div class=\"team-item-img\"><img loading=\"lazy\" decoding=\"async\" src=\"https:\/\/www.kardelengencer.com\/wp-content\/uploads\/2015\/11\/Sportomed-6-scaled-e1715629958432-500x500.jpg\" width=\"500\" height=\"500\" alt=\"Do\u00e7. Dr. Kardelen Gen\u00e7er Atalay\" class=\"img-responsive\" \/><\/div><div class=\"team-content\"><h5 class=\"team-member-name\">Do\u00e7. Dr. Kardelen Gen\u00e7er Atalay<\/h5><p><span class=\"team-member-designation\">Physical medicine and rehabilitation Specialist<\/span><\/p><div class=\"team-member-desc\">In 2012, she graduated from Istanbul University Cerrahpasa Medical Faculty. Of expertise in the field of education at Marmara University in Turkey which is one of the leading clinics in the Department of Physical Medicine and rehabilitation completed in 2017. Many national and international scientific research that continues to work as a specialist by the clinic received the title of associate professor. That continue to operate until 2024 as a faculty member at Marmara University, Department of Physical Medicine and rehabilitation at the clinic and detached from Fulya sportomed began to work.<\/div><\/div><\/div><!--Team Inner Div End--><\/div><!--Column End--><div class=\"team-item col-md-4 col-xs-12\"><div class=\"team-item-inner\"><div class=\"team-item-img\"><img loading=\"lazy\" decoding=\"async\" src=\"https:\/\/www.kardelengencer.com\/wp-content\/uploads\/2015\/11\/Sportomed-12-scaled-e1715630075748-500x500.jpg\" width=\"500\" height=\"500\" alt=\"A\u015fk\u0131n Dede\" class=\"img-responsive\" \/><\/div><div class=\"team-content\"><h5 class=\"team-member-name\">A\u015fk\u0131n Dede<\/h5><p><span class=\"team-member-designation\">Physical therapist<\/span><\/p><div class=\"team-member-desc\">In 1995, Hacettepe University, Faculty of Health Sciences, graduated from the Department of Physical Medicine and rehabilitation. Between the years of 1998-2006 at Fenerbahce Sports Club, a football team and football team between the years 2008-2016 therapists took part in missions in the team Be\u015fikta\u015f, Dar\u00fc\u015f\u015fafaka&#039;s basketball team since 2016, the team at sort of continues. As of 1997, the foundation is working in clinics since sportomed.<\/div><\/div><\/div><!--Team Inner Div End--><\/div><!--Column End--><div class=\"team-item col-md-4 col-xs-12\"><div class=\"team-item-inner\"><div class=\"team-item-img\"><img loading=\"lazy\" decoding=\"async\" src=\"https:\/\/www.kardelengencer.com\/wp-content\/uploads\/2015\/11\/Zumre-Hediye-Tasci-500x500.png\" width=\"500\" height=\"500\" alt=\"Z\u00fcmre Hediye Ta\u015f\u00e7\u0131\" class=\"img-responsive\" \/><\/div><div class=\"team-content\"><h5 class=\"team-member-name\">Z\u00fcmre Hediye Ta\u015f\u00e7\u0131<\/h5><p><span class=\"team-member-designation\">Uzman Fizyoterapist<\/span><\/p><div class=\"team-member-desc\">\u0130stanbul T\u0131p Fak\u00fcltesi Spor Hekimli\u011fi\u2019nde y\u00fcksek lisans\u0131n\u0131 tamamlam\u0131\u015f, doktora e\u011fitimine devam etmektedir. 2022\u20132025 aras\u0131nda fak\u00fcltede fizyoterapist olarak g\u00f6rev yapm\u0131\u015f, 2023\u2019ten itibaren Kad\u0131n Futbol Milli Tak\u0131mlar\u0131nda \u00e7al\u0131\u015fmaktad\u0131r. Sporcu sa\u011fl\u0131\u011f\u0131, performans y\u00f6netimi, yaralanma \u00f6nleme ve rehabilitasyon konular\u0131nda saha ve klinik deneyime sahiptir. Manuel terapi ve Graston tekniklerinde uygulama deneyimi vard\u0131r.<\/div><\/div><\/div><!--Team Inner Div End--><\/div><!--Column End--><div class=\"team-clearfix clearfix\"><\/div><div class=\"team-item col-md-4 col-xs-12\"><div class=\"team-item-inner\"><div class=\"team-item-img\"><img loading=\"lazy\" decoding=\"async\" src=\"https:\/\/www.kardelengencer.com\/wp-content\/uploads\/2015\/11\/Batuhan-Tirakoglu-500x500.png\" width=\"500\" height=\"500\" alt=\"Batuhan T\u0131rako\u011flu\" class=\"img-responsive\" \/><\/div><div class=\"team-content\"><h5 class=\"team-member-name\">Batuhan T\u0131rako\u011flu<\/h5><p><span class=\"team-member-designation\">Uzman Fizyoterapist<\/span><\/p><div class=\"team-member-desc\">2024 y\u0131l\u0131nda \u0130stanbul Medipol \u00dcniversitesi Sa\u011fl\u0131k Bilimleri Fak\u00fcltesi Fizyoterapi ve Rehabilitasyon B\u00f6l\u00fcm\u00fc'nden mezun olmu\u015ftur. 2025 y\u0131l\u0131 Ocak ay\u0131nda \u0130stanbul Medipol \u00dcniversitesinde Fizyoterapi ve Rehabilitasyon Y\u00fcksek Lisans Program\u0131na ba\u015flam\u0131\u015ft\u0131r. Ortopedi ve sporcu yaralanmalar\u0131 \u00fczerine bir\u00e7ok e\u011fitim alm\u0131\u015f olup yan\u0131s\u0131ra geriatrik rehabilitasyon, \u00e7ene eklem ptolojileri ve n\u00f6ropatik a\u011fr\u0131ya y\u00f6nelik \u00e7al\u0131\u015fmaklar\u0131 da bulunmaktad\u0131r.<\/div><\/div><\/div><!--Team Inner Div End--><\/div><!--Column End--><div class=\"team-item col-md-4 col-xs-12\"><div class=\"team-item-inner\"><div class=\"team-item-img\"><img loading=\"lazy\" decoding=\"async\" src=\"https:\/\/www.kardelengencer.com\/wp-content\/uploads\/2015\/11\/Buse-Yarimca-Ilter-500x500.png\" width=\"500\" height=\"500\" alt=\"Buse Yar\u0131mca \u0130lter\" class=\"img-responsive\" \/><\/div><div class=\"team-content\"><h5 class=\"team-member-name\">Buse Yar\u0131mca \u0130lter<\/h5><p><span class=\"team-member-designation\">Physical therapist<\/span><\/p><div class=\"team-member-desc\">Pamukkale \u00dcniversitesi Fizyoterapi ve Rehabilitasyon B\u00f6l\u00fcm\u00fc\u2019nden mezun olmu\u015ftur. Mezun olduktan sonra ortopedik rehabilitasyon, omurga sa\u011fl\u0131\u011f\u0131, manuel terapi, klinik pilates, lenf\u00f6dem tedavisi ve pelvik taban sa\u011fl\u0131\u011f\u0131 alanlar\u0131nda \u00e7e\u015fitli merkezlerde aktif olarak \u00e7al\u0131\u015fm\u0131\u015f ve bu alanlarda e\u011fitimler alm\u0131\u015ft\u0131r. Edindi\u011fi geni\u015f hasta deneyimini ald\u0131\u011f\u0131 ulusal ve uluslararas\u0131 e\u011fitimlerle birle\u015ftirerek ki\u015fiye \u00f6zel, bilimsel, g\u00fcvenilir ve b\u00fct\u00fcnc\u00fcl bir tedavi s\u00fcreci olu\u015fturmay\u0131 ama\u00e7lamaktad\u0131r.<\/div><\/div><\/div><!--Team Inner Div End--><\/div><!--Column End--><div class=\"team-item col-md-4 col-xs-12\"><div class=\"team-item-inner\"><div class=\"team-item-img\"><img loading=\"lazy\" decoding=\"async\" src=\"https:\/\/www.kardelengencer.com\/wp-content\/uploads\/2015\/11\/Sportomed-13-scaled-e1715630508639-500x500.jpg\" width=\"500\" height=\"500\" alt=\"G\u00f6zde \u015eahin\" class=\"img-responsive\" \/><\/div><div class=\"team-content\"><h5 class=\"team-member-name\">G\u00f6zde \u015eahin<\/h5><p><span class=\"team-member-designation\">Physical therapist<\/span><\/p><div class=\"team-member-desc\">In the year 2022 of the city of Istanbul Health Sciences, graduated from the Department of physiotherapy and rehabilitation. Schroth (BSPTS Rigo Concept 3-dimensional Scoliosis Exercises) completed certified training in the field of therapy and clinical Pilates. After graduation he has worked in the field of special education and Rehabilitation Center for pediatrics at 2 years. Since he is employed at the clinic Fulya sportomed the month of May 2024.<\/div><\/div><\/div><!--Team Inner Div End--><\/div><!--Column End--><div class=\"team-clearfix clearfix\"><\/div><div class=\"team-item col-md-4 col-xs-12\"><div class=\"team-item-inner\"><div class=\"team-item-img\"><img loading=\"lazy\" decoding=\"async\" src=\"https:\/\/www.kardelengencer.com\/wp-content\/uploads\/2015\/11\/Sportomed-14-scaled-e1715630540678-500x500.jpg\" width=\"500\" height=\"500\" alt=\"Eda \u00d6zer\" class=\"img-responsive\" \/><\/div><div class=\"team-content\"><h5 class=\"team-member-name\">Eda \u00d6zer<\/h5><p><span class=\"team-member-designation\">Specialist Dietician<\/span><\/p><div class=\"team-member-desc\">In 2015 graduated from the Department of nutrition and dietetics at the University of the Golden Horn. In 2018, by completing a master&#039;s degree from the same university received the title of expert. Since graduation, actively individual nutrition counseling, diet therapy in various diseases and continued services. As of 2019 he started to work as individual and Corporate Consulting offers. Special areas of interest include functional medicine and gaps between diyetisyenlig advice.<\/div><\/div><\/div><!--Team Inner Div End--><\/div><!--Column End--><\/div><\/div><\/div><\/div><\/div><\/div><\/section>\n<\/div>","protected":false},"excerpt":{"rendered":"Donec pede justo, fringilla vel, aliquet nec, vulputate eget, arcu. In enim justo, rhoncus ut, imperdiet a, venenatis vitae, justo. Nullam dictum felis eu pede mollis pretium. Integer tincidunt. Cras dapibus. Vivamus elementum semper nisi. Aenean vulputate eleifend tellus. Aenean leo ligula, porttitor eu, consequat vitae, eleifend ac, enim. Aliquam lorem ante, dapibus in, viverra quis, feugiat a, tellus. Phasellus...","protected":false},"author":1,"featured_media":0,"parent":0,"menu_order":0,"comment_status":"closed","ping_status":"closed","template":"","meta":{"footnotes":""},"class_list":["post-11518","page","type-page","status-publish","hentry"],"_links":{"self":[{"href":"https:\/\/www.kardelengencer.com\/en\/wp-json\/wp\/v2\/pages\/11518","targetHints":{"allow":["GET"]}}],"collection":[{"href":"https:\/\/www.kardelengencer.com\/en\/wp-json\/wp\/v2\/pages"}],"about":[{"href":"https:\/\/www.kardelengencer.com\/en\/wp-json\/wp\/v2\/types\/page"}],"author":[{"embeddable":true,"href":"https:\/\/www.kardelengencer.com\/en\/wp-json\/wp\/v2\/users\/1"}],"replies":[{"embeddable":true,"href":"https:\/\/www.kardelengencer.com\/en\/wp-json\/wp\/v2\/comments?post=11518"}],"version-history":[{"count":21,"href":"https:\/\/www.kardelengencer.com\/en\/wp-json\/wp\/v2\/pages\/11518\/revisions"}],"predecessor-version":[{"id":11703,"href":"https:\/\/www.kardelengencer.com\/en\/wp-json\/wp\/v2\/pages\/11518\/revisions\/11703"}],"wp:attachment":[{"href":"https:\/\/www.kardelengencer.com\/en\/wp-json\/wp\/v2\/media?parent=11518"}],"curies":[{"name":"wp","href":"https:\/\/api.w.org\/{rel}","templated":true}]}}