{"id":11486,"date":"2024-05-10T19:18:08","date_gmt":"2024-05-10T16:18:08","guid":{"rendered":"https:\/\/www.kardelengencer.com\/?page_id=11486"},"modified":"2024-05-27T21:15:36","modified_gmt":"2024-05-27T18:15:36","slug":"sss","status":"publish","type":"page","link":"https:\/\/www.kardelengencer.com\/en\/sss\/","title":{"rendered":"Frequently Asked Questions"},"content":{"rendered":"<div class=\"wpb-content-wrapper\">\r\n\r\r\n\t<section class=\"vc_row wpb_row vc_row-fluid vc-zozo-section typo-default\"><div class=\"zozo-vc-main-row-inner vc-normal-section\"><div class=\"wpb_column vc_main_column vc_column_container vc_col-sm-12 typo-default\"><div class=\"vc_column-inner \"><div class=\"wpb_wrapper\"><div class=\"zozo-parallax-header\"><div class=\"parallax-header content-style-default\"><h2 class=\"parallax-title\">S\u0131k Sorulan Sorular<\/h2><\/div><\/div>\n\t<div class=\"wpb_text_column wpb_content_element \" >\n\t\t<div class=\"wpb_wrapper\">\n\t\t\t<ul>\n<li><strong>Fizik tedavi ve rehabilitasyon nedir?<\/strong><\/li>\n<\/ul>\n<p>Fiziksel t\u0131p ve rehabilitasyon, toplumun t\u00fcm ya\u015f gruplar\u0131ndan bireylerin do\u011fu\u015ftan veya edinilmi\u015f fonksiyonel k\u0131s\u0131tl\u0131l\u0131klar\u0131 veya g\u00fcnl\u00fck ya\u015fama kat\u0131l\u0131mdaki yetersizlikleri ile ba\u015f edebilmelerini, optimal fonksiyonlar\u0131 yeniden kazabilmelerini ve ya\u015famlar\u0131n\u0131 ba\u011f\u0131ms\u0131z s\u00fcrd\u00fcrebilmelerini ama\u00e7layan t\u0131p dal\u0131d\u0131r. A\u011fr\u0131y\u0131 azaltmak, hareket k\u0131s\u0131tl\u0131l\u0131\u011f\u0131n\u0131 d\u00fczeltmek, i\u015flevselli\u011fi geli\u015ftirmek, yaralanma ve hastal\u0131klardan sonra iyile\u015fmeyi h\u0131zland\u0131rmak gibi ama\u00e7larla yap\u0131lan \u00e7e\u015fitli fizik tedavi y\u00f6ntemleri ile fonksiyonel kayb\u0131n yeniden kazan\u0131lmas\u0131, ba\u011f\u0131ms\u0131zl\u0131\u011f\u0131n ve ya\u015fam kalitesinin artt\u0131r\u0131lmas\u0131na y\u00f6nelik ki\u015fiye \u00f6zel e\u011fitimleri, egzersizleri ifade eder.<\/p>\n<p>&nbsp;<\/p>\n<ul>\n<li><strong><strong>Fizik tedavi ve rehabilitasyon ne i\u015fe yarar?<\/strong><\/strong><\/li>\n<\/ul>\n<p>Fizik tedavi ve rehabilitasyon kas ve eklem a\u011fr\u0131lar\u0131n\u0131 azalt\u0131r,<\/p>\n<p>Hareket k\u0131s\u0131tl\u0131l\u0131\u011f\u0131n\u0131 azalt\u0131r,<\/p>\n<p>\u0130\u015flevselli\u011fi art\u0131r\u0131r,<\/p>\n<p>Kas g\u00fcc\u00fcn\u00fc ve dayan\u0131kl\u0131l\u0131\u011f\u0131n\u0131 geli\u015ftirir,<\/p>\n<p>Denge ve koordinasyonu iyile\u015ftirir,<\/p>\n<p>Post\u00fcr\u00fc d\u00fczeltir.<\/p>\n<p>Yorgunlu\u011fu ve kas spazmlar\u0131n\u0131 azalt\u0131r,<\/p>\n<p>Uyku d\u00fczeni ve ya\u015fam kalitesini artt\u0131r\u0131r,<\/p>\n<p>\u0130yile\u015fmeyi h\u0131zland\u0131r\u0131r,<\/p>\n<p>Ba\u011f\u0131ms\u0131zl\u0131\u011f\u0131 ve g\u00fcnl\u00fck ya\u015fam aktivitesini art\u0131r\u0131r.<\/p>\n<p>&nbsp;<\/p>\n<ul>\n<li><strong>Fizik tedavi sonras\u0131 iyile\u015fme s\u00fcreci nas\u0131l olur?<\/strong><\/li>\n<\/ul>\n<p>Fizik tedavi program\u0131nda iyile\u015fme s\u00fcreci, hastan\u0131n durumuna ve uygulanan tedaviye ba\u011fl\u0131 olarak de\u011fi\u015fir. Genellikle, hastalar haftada 3-4 olacak \u015fekilde fizik tedavi seanslar\u0131na kat\u0131l\u0131r ve evde de yapacaklar\u0131 egzersizleri \u00f6\u011fretilir. \u0130yile\u015fme s\u00fcreci birka\u00e7 haftadan birka\u00e7 aya kadar s\u00fcrebilir.<\/p>\n<p>Fizik tedavi s\u00fcreciniz ile ilgili daha fazla bilgi i\u00e7in mutlaka bir FTR uzman\u0131na dan\u0131\u015fmal\u0131s\u0131n\u0131z.<\/p>\n<p>&nbsp;<\/p>\n<ul>\n<li><strong>Fulya Sportomed klini\u011fimizde<\/strong> <strong>fizik tedavi \u00fccretleri neye g\u00f6re de\u011fi\u015fiyor?<\/strong><\/li>\n<\/ul>\n<p>Fizik tedavi \u00fccretleri, bir\u00e7ok fakt\u00f6re ba\u011fl\u0131 olarak de\u011fi\u015febilmektedir. Bu fakt\u00f6rlerden baz\u0131lar\u0131 programa dahil edilen tedavi y\u00f6ntemleri, seans s\u00fcresi, tedavi s\u0131kl\u0131\u011f\u0131, fizik tedavi merkezinin fiziksel olanaklar\u0131 ve konumu, fizik tedavi merkezinin sahip oldu\u011fu sa\u011fl\u0131k sigortas\u0131 olanaklar\u0131 ve baz\u0131 di\u011fer fakt\u00f6rler \u015feklinde d\u00fc\u015f\u00fcn\u00fclmelidir. Fizik tedavi merkezinizi se\u00e7erken dikkat edebilece\u011finiz ba\u015fl\u0131klar;<\/p>\n<ol>\n<li><u>Tedavi y\u00f6ntemi:<\/u><\/li>\n<\/ol>\n<p>Fulya Sportomed klini\u011fimize ba\u015fvuran hastalara Do\u00e7. Dr. Kardelen Gen\u00e7er Atalay\u2019\u0131n detayl\u0131 de\u011ferlendirmesi sonucu haz\u0131rlad\u0131\u011f\u0131 ki\u015fiye \u00f6zel fizik tedavi program\u0131 uzman fizyoterapistlerimiz taraf\u0131ndan uygulanmaktad\u0131r. Fizik tedavi program\u0131n\u0131n \u00f6ncesinde veya takip esnas\u0131nda gerekli g\u00f6r\u00fclen enjeksiyonlar ultrason e\u015fli\u011finde yap\u0131labilmekte, ayr\u0131ca yine tedaviye destek ama\u00e7l\u0131 IV terapi y\u00f6ntemlerinden yararlan\u0131labilmektedir. Alan\u0131nda deneyimli fizyoterapistler taraf\u0131ndan uygulanan fizik tedavi program\u0131n\u0131n i\u00e7erikleri ise y\u00fczeysel ve derin \u0131s\u0131t\u0131c\u0131lar, terapatik elektrik ak\u0131mlar\u0131, elektromanyetik alan gibi fiziksel ajanlar\u0131n kullan\u0131m\u0131 ile manuel terapi teknikleri, terapatik masaj uygulamalar\u0131, \u00e7e\u015fitli egzersiz ekipmanlar\u0131 veya izokinetik egzersiz sistemi cihaz\u0131 ile uygulanan egzersiz programlar\u0131ndan olu\u015fmaktad\u0131r. Klini\u011fimizde bunlar haricinde osteopati ve kayropraksi uygulamalar\u0131, skolyoz i\u00e7in Schroth Tedavisi ve post\u00fcr i\u00e7in Reformer ile klinik pilates programlar\u0131 bulunmaktad\u0131r. Yap\u0131lan tedavi program\u0131n\u0131n \u00fccreti kullan\u0131lan ekipman ve tedavi s\u00fcresine ba\u011fl\u0131 olarak de\u011fi\u015fmektedir.<\/p>\n<ol>\n<li><u>Seans s\u00fcresi:<\/u><\/li>\n<\/ol>\n<p>Fulya Sportomed klini\u011fimizde fizik tedavi seanslar\u0131 ortalama 1 saat s\u00fcrmektedir, baz\u0131 hastalarda bu s\u00fcre 2 saate kadar \u00e7\u0131kmaktad\u0131r.<\/p>\n<ol>\n<li><u>Tedavi s\u0131kl\u0131\u011f\u0131:<\/u><\/li>\n<\/ol>\n<p>Fulya Sportomed klini\u011fimizde fizik tedavi seanslar\u0131 genellikle haftada \u00fc\u00e7 veya d\u00f6rt kez uygulanmaktad\u0131r. Ki\u015fiye \u00f6zel de\u011ferlendirme sonucu tedavi s\u0131kl\u0131\u011f\u0131 daha fazla veya seyrek de planlanabilmektedir.<\/p>\n<ol>\n<li><u>Fizik tedavi merkezinin fiziksel olanaklar\u0131 ve konumu:<\/u><\/li>\n<\/ol>\n<p>Fulya Sportomed klini\u011fimizde 15 yatak kapasitesi, son teknoloji elektroterapi ve egzersiz cihazlar\u0131 ile ki\u015fiye \u00f6zel planlanm\u0131\u015f fizik tedavi hizmeti sunulmaktad\u0131r. Klini\u011fimizin konumu \u0130stanbul\u2019un merkezi Be\u015fikta\u015f Fulya\u2019da olup, ula\u015f\u0131lmas\u0131 son derece kolayd\u0131r.<\/p>\n<ol>\n<li><u>Sigorta Kapsam\u0131:<\/u><\/li>\n<\/ol>\n<p>Fulya Sportomed klini\u011fimizde Allianz, Anadolu, Sencard, AXA, Maphre, Ray ve T\u00fcrkiye gibi sigorta \u015firketleri ayr\u0131ca \u0130\u015f Bankas\u0131 ile anla\u015fmam\u0131z bulunmaktad\u0131r. \u00d6zel sa\u011fl\u0131k sigortalar\u0131, fizik tedavi masraflar\u0131n\u0131n bir k\u0131sm\u0131n\u0131 veya tamam\u0131n\u0131 kar\u015f\u0131layabilir. Sigorta kapsam\u0131n\u0131z\u0131 ve ne kadar kar\u015f\u0131land\u0131\u011f\u0131n\u0131 \u00f6\u011frenmek i\u00e7in sigorta \u015firketinize dan\u0131\u015fman\u0131z \u00f6nemlidir.<\/p>\n<ol>\n<li><u>Di\u011fer Fakt\u00f6rler:<\/u><\/li>\n<\/ol>\n<p>Fulya Sportomed klini\u011fimizde fizik tedavi seans\u0131 i\u00e7in toplu paket programlar ve belirli zamanlarda kampanyalar sunulmaktad\u0131r. Detayl\u0131 bilgi i\u00e7in ileti\u015fime ge\u00e7ebilirsiniz.<\/p>\n<p>&nbsp;<\/p>\n<ul>\n<li><strong>Rehabilitasyon nedir?<\/strong><\/li>\n<\/ul>\n<p>Rehabilitasyon do\u011fu\u015ftan veya sonradan olu\u015fmu\u015f, fiziksel, zihinsel ve sosyal fonksiyon bozukluklar\u0131n\u0131n yeniden kazand\u0131r\u0131lmas\u0131, ki\u015finin ba\u011f\u0131ms\u0131zl\u0131\u011f\u0131n\u0131n ve ya\u015fam kalitesinin olabilecek en \u00fcst seviyeye \u00e7\u0131kar\u0131lmas\u0131n\u0131 ama\u00e7lar. Fizik tedavi, rehabilitasyonun \u00f6nemli bir par\u00e7as\u0131d\u0131r, ancak rehabilitasyon ayn\u0131 zamanda dil ve konu\u015fma terapisi, mesleki terapi, psikolojik dan\u0131\u015fmanl\u0131k ve sosyal hizmetler gibi di\u011fer disiplinleri de i\u00e7erebilir.<\/p>\n<p>&nbsp;<\/p>\n<ul>\n<li><strong>Fizik tedavi ve rehabilitasyon aras\u0131ndaki fark nedir?<\/strong><\/li>\n<\/ul>\n<p>Fizik tedavi ve rehabilitasyon kavramlar\u0131 birbirinden tamamen ayr\u0131 kavramlar de\u011fildir. Fizik tedavi, kas-iskelet sistemi, sinir sistemi ve di\u011fer v\u00fccut sistemlerinin fonksiyonlar\u0131n\u0131 d\u00fczeltmeye veya geli\u015ftirmeye odaklan\u0131r. A\u011fr\u0131y\u0131 azaltmak, hareket k\u0131s\u0131tl\u0131l\u0131\u011f\u0131n\u0131 d\u00fczeltmek, i\u015flevselli\u011fi geli\u015ftirmek, iyile\u015fmeyi h\u0131zland\u0131rmak gibi ama\u00e7larla yap\u0131lan t\u0131bbi tedavi y\u00f6ntemlerini ifade eder. Rehabilitasyon ise daha geni\u015f bir kapsama sahiptir. Fonksiyon kayb\u0131n\u0131n yeniden kazan\u0131lmas\u0131, ba\u011f\u0131ms\u0131zl\u0131\u011f\u0131n ve ya\u015fam kalitesinin hedeflenen d\u00fczeye ula\u015fmas\u0131na y\u00f6nelik yap\u0131lan t\u00fcm tedavi y\u00f6ntemlerini kapsar. Fizik tedavi, rehabilitasyonun \u00f6nemli bir par\u00e7as\u0131d\u0131r. Rehabilitasyon, fizik tedavi yan\u0131 s\u0131ra farkl\u0131 disiplinleri de i\u00e7erir.<\/p>\n<p><strong>\u00a0<\/strong><\/p>\n<ul>\n<li><strong><strong>Fizik tedavi ve rehabilitasyon hangi durumlarda uygulan\u0131r?<\/strong><\/strong><\/li>\n<\/ul>\n<p>Kas-iskelet sisteminde a\u011fr\u0131 ve hareket k\u0131s\u0131tl\u0131l\u0131\u011f\u0131na neden olan hastal\u0131klar<\/p>\n<p>Spor yaralanmalar\u0131<\/p>\n<p>El yaralanmas\u0131<\/p>\n<p>N\u00f6rolojik bozukluklar (Fel\u00e7, MS, Parkinson Hastal\u0131\u011f\u0131)<\/p>\n<p>Romatolojik hastal\u0131klar (Artrit)<\/p>\n<p>Akci\u011fer hastal\u0131klar\u0131 (KOAH, Ast\u0131m)<\/p>\n<p>Kardiyovask\u00fcler hastal\u0131klar (Kalp Krizi, \u0130nme)<\/p>\n<p>Onkolojik hastal\u0131klar<\/p>\n<p>Yan\u0131klar<\/p>\n<p>Cerrahi sonras\u0131 iyile\u015fme<\/p>\n<p>Ya\u015fl\u0131larda denge ve d\u00fc\u015fme riski<\/p>\n<p>\u00c7ocuklarda geli\u015fimsel gecikmeler<\/p>\n<p><strong>\u00a0<\/strong><\/p>\n<ul>\n<li><strong>Fizyoterapist ne yapar?<\/strong><\/li>\n<\/ul>\n<p>Fizyoterapistler, FTR uzman\u0131 taraf\u0131ndan konulan tan\u0131ya g\u00f6re planlanan tedavi program\u0131n\u0131 uygulayan sa\u011fl\u0131k profesyonelleridir. Fizyoterapistlerin uygulad\u0131\u011f\u0131 bu programlar so\u011fuk uygulamalar, y\u00fczeysel ve derin \u0131s\u0131t\u0131c\u0131lar, terapatik elektrik ak\u0131mlar\u0131, elektromanyetik alan, lazer, hidroterapi ve traksiyon gibi fiziksel ajanlar\u0131n kullan\u0131m\u0131 ile manuel terapi teknikleri, terapatik masaj uygulamalar\u0131, germe ve g\u00fc\u00e7lendirme egzersizleri gibi tedavi y\u00f6ntemlerinin kombinasyonundan olu\u015fur. Fizyoterapistler ayr\u0131ca hastalara evde uygulayabilecekleri egzersizler ve ya\u015fam tarz\u0131 de\u011fi\u015fiklikleri hakk\u0131nda da bilgi ve e\u011fitim verir.<\/p>\n<p>&nbsp;<\/p>\n<ul>\n<li><strong>Fizik tedavi doktoru ile fizyoterapist aras\u0131ndaki fark nedir?<\/strong><\/li>\n<\/ul>\n<p>Fizik tedavi doktoru, do\u011fru ifade ile fiziksel t\u0131p ve rehabilitasyon (FTR) uzman\u0131 veya fiziatrist 6 senelik t\u0131p fak\u00fcltesi e\u011fitiminden sonra 4 y\u0131l uzmanl\u0131k e\u011fitimi alm\u0131\u015f t\u0131p doktorudur. Yeni do\u011fan d\u00f6neminden ileri ya\u015flara kadar ki\u015finin aktivitelerini k\u0131s\u0131tlayan, a\u011fr\u0131, hareket ve fonksiyon kayb\u0131na neden olan t\u00fcm hastal\u0131klarla ilgilenir. Tan\u0131 koymak, ila\u00e7 re\u00e7ete etmek, enjeksiyon yapmak ve fizik tedavi ve rehabilitasyon program\u0131 geli\u015ftirmek ve y\u00f6netmek gibi t\u0131bbi tedavilerin sorumlulu\u011funu \u00fcstlenir.<\/p>\n<p>Fizyoterapist ise 4 y\u0131ll\u0131k lisans e\u011fitimi sonras\u0131 mezun olmu\u015f sa\u011fl\u0131k profesyonelidir. FTR uzman\u0131n\u0131n re\u00e7ete etti\u011fi tedavi plan\u0131n\u0131 uygulamaktan sorumludur. Y\u00fczeysel ve derin \u0131s\u0131t\u0131c\u0131lar, terapatik elektrik ak\u0131mlar\u0131, elektromanyetik alan, lazer, hidroterapi ve traksiyon gibi fiziksel ajanlar\u0131n kullan\u0131m\u0131 ile manuel terapi teknikleri, terapatik masaj uygulamalar\u0131, germe ve g\u00fc\u00e7lendirme egzersizlerini uygular.<\/p>\n<p>FTR uzman\u0131 ve fizyoterapist her ikisi de kas-iskelet sistemi ve sinir sistemi bozukluklar\u0131n\u0131n tedavisinde rol alan ve birbirini tamamlayan sa\u011fl\u0131k profesyonelleridir. Kaliteli bir fiziksel t\u0131p ve rehabilitasyon hizmeti ancak bu ekibin uyum i\u00e7inde \u00e7al\u0131\u015fmas\u0131 ile sa\u011flan\u0131r. E\u011fer herhangi bir fiziksel t\u0131p ve rehabilitasyon hizmetine ihtiyac\u0131n\u0131z var ise \u00f6ncelikle FTR uzman\u0131na ba\u015fvurmal\u0131s\u0131n\u0131z. FTR uzman\u0131 de\u011ferlendirmesi sonucu tedavi planlamas\u0131n\u0131 yapar ve sizi ihtiyac\u0131n\u0131z olan program\u0131n uygulanmas\u0131 i\u00e7in fizyoterapiste y\u00f6nlendirir.<\/p>\n<p>&nbsp;<\/p>\n<ul>\n<li><strong>En iyi fizik tedavi merkezini nas\u0131l bulursunuz?<\/strong><\/li>\n<\/ul>\n<ol>\n<li><u> Fizik tedavi olman\u0131z\u0131 \u00f6neren doktorunuza dan\u0131\u015fabilirsiniz:<\/u><\/li>\n<\/ol>\n<p>Doktorunuz veya di\u011fer sa\u011fl\u0131k uzmanlar\u0131n\u0131z, b\u00f6lgenizdeki iyi fizik tedavi merkezlerini \u00f6nerebilir.<\/p>\n<ol start=\"2\">\n<li><u> Arkada\u015flar\u0131n\u0131zdan veya ailenizden tavsiye alabilirsiniz:<\/u><\/li>\n<\/ol>\n<p>Fizik tedavi g\u00f6rm\u00fc\u015f olan arkada\u015flar\u0131n\u0131zdan veya ailenizden hangi merkezleri tavsiye ettiklerini sorabilirsiniz.<\/p>\n<ol start=\"3\">\n<li><u> \u0130nternette arama yapabilirsiniz:<\/u><\/li>\n<\/ol>\n<p>B\u00f6lgenizdeki fizik tedavi merkezlerini aramak i\u00e7in internette arama yapabilirsiniz. &#8220;[\u015eehir Ad\u0131] fizik tedavi merkezi&#8221; veya &#8220;[Hastal\u0131k Ad\u0131] i\u00e7in fizik tedavi&#8221; gibi anahtar kelimeler kullanabilirsiniz.<\/p>\n<ol start=\"4\">\n<li><u> Fizik tedavi merkezlerinin web sitelerini inceleyebilirsiniz:<\/u><\/li>\n<\/ol>\n<p>\u0130lginizi \u00e7eken fizik tedavi merkezlerinin web sitelerini inceleyin. Merkezin sundu\u011fu hizmetler, FTR uzman\u0131 ve fizyoterapistlerin uzmanl\u0131k alanlar\u0131 ve hasta yorumlar\u0131 hakk\u0131nda bilgi edinebilirsiniz.<\/p>\n<ol start=\"5\">\n<li><u> Fizik tedavi merkezlerini ziyaret edebilirsiniz:<\/u><\/li>\n<\/ol>\n<p>Karar vermeden \u00f6nce birden fazla fizik tedavi merkezini ziyaret etmeniz \u00f6nemlidir. Merkezleri ziyaret etti\u011finizde, tesisleri inceleyebilir, fizyoterapistlerle g\u00f6r\u00fc\u015febilir ve atmosferi hissedebilirsiniz.<\/p>\n<p><u>Fizik tedavi merkezi se\u00e7erken g\u00f6z \u00f6n\u00fcnde bulundurman\u0131z gereken baz\u0131 fakt\u00f6rler \u015funlard\u0131r:<\/u><\/p>\n<ul>\n<li>Merkezin sundu\u011fu hizmetler; ihtiya\u00e7 duydu\u011funuz tedavi t\u00fcr\u00fcn\u00fc sunan bir merkez se\u00e7meniz \u00f6nemlidir.<\/li>\n<li>FTR uzman\u0131 ve fizyoterapistlerin uzmanl\u0131k alanlar\u0131; sizin hastal\u0131\u011f\u0131n\u0131z ile ilgili deneyime sahip olmas\u0131 \u00f6nemlidir.<\/li>\n<li>Merkezin konumu; merkezin size yak\u0131n ve ula\u015f\u0131m\u0131 kolay olmas\u0131 \u00f6nemlidir.<\/li>\n<li>Merkezin \u00e7al\u0131\u015fma saatleri; merkezin \u00e7al\u0131\u015fma saatlerinin sizin program\u0131n\u0131za uygun olmas\u0131 \u00f6nemlidir.<\/li>\n<li>Merkezin sigorta ile olan ili\u015fkisi; sigortan\u0131z\u0131n fizik tedavi merkezini kapsay\u0131p kapsamad\u0131\u011f\u0131n\u0131 kontrol etmeniz \u00f6nemlidir.<\/li>\n<li>Hastalar\u0131n yorumlar\u0131; di\u011fer hastalar\u0131n merkeze dair yorumlar\u0131n\u0131 okumak faydal\u0131 olabilir.<\/li>\n<\/ul>\n<p>En iyi fizik tedavi merkezi, sizin bireysel ihtiya\u00e7lar\u0131n\u0131za ve tercihlerinize en uygun olan merkezdir. Bunlara ek olarak; T\u00fcrk Fizik Tedavi Derne\u011fi&#8217;nin web sitesini (https:\/\/www.tftr.org.tr\/) ziyaret edebilirsiniz. Sa\u011fl\u0131k Bakanl\u0131\u011f\u0131&#8217;n\u0131n web sitesinden (https:\/\/www.trhastane.com\/) b\u00f6lgenizdeki kamu ve \u00f6zel fizik tedavi merkezlerinin listesini bulabilirsiniz.<\/p>\n<p>Fizik tedavi y\u00f6ntemleri, bir\u00e7ok hastal\u0131k ve sorunun tedavisinde etkilidir. Do\u011fru fizik tedavi merkezi ile daha h\u0131zl\u0131 iyile\u015febilir ve ya\u015fam kalitenizi art\u0131rabilirsiniz.<\/p>\n<p>&nbsp;<\/p>\n<ul>\n<li><strong>Fizik tedavi randevusu al\u0131rken nelere dikkat etmeliyiz?<\/strong><\/li>\n<\/ul>\n<p>Fizik tedavi randevusu al\u0131rken dikkat etmeniz gereken baz\u0131 \u00f6nemli noktalar \u015funlard\u0131r:<\/p>\n<ol>\n<li><u> Fizik tedavi seanslar\u0131na ba\u015flamadan \u00f6nce mutlaka bir FTR Uzman\u0131 taraf\u0131ndan de\u011ferlendirilmelisiniz:<\/u> Fizik tedavi hizmeti almadan \u00f6nce merkezde tam zamanl\u0131 \u00e7al\u0131\u015fan bir FTR uzman\u0131 oldu\u011funu teyit etmeniz \u00f6nemlidir. FTR uzman\u0131 sizi de\u011ferlendirip, uygun bir tedavi program\u0131 haz\u0131rlayacak ve sizi belirli aral\u0131klar kontrol edecektir.<\/li>\n<li><u> Fizik tedavi merkezi se\u00e7imi:<\/u> Yukar\u0131da bahsedildi\u011fi gibi, sizin i\u00e7in en uygun fizik tedavi merkezini se\u00e7mek \u00f6nemlidir. Merkezin sundu\u011fu hizmetleri, FTR uzman\u0131 ve fizyoterapistlerin uzmanl\u0131k alanlar\u0131n\u0131, merkezin konumunu, \u00e7al\u0131\u015fma saatlerini, merkezin sigorta ile olan ili\u015fkisini ve hastalar\u0131n yorumlar\u0131n\u0131 g\u00f6z \u00f6n\u00fcnde bulundurun.<\/li>\n<li><u> Randevu almadan \u00f6nce:<\/u> Sigorta kapsam\u0131n\u0131z\u0131 kontrol edin. Sigortan\u0131z\u0131n fizik tedaviyi kapsay\u0131p kapsamad\u0131\u011f\u0131n\u0131 ve ne kadar kapsad\u0131\u011f\u0131n\u0131 \u00f6\u011frenin. Gerekli belgeleri haz\u0131rlay\u0131n. Sigorta kart\u0131n\u0131z, kimlik kart\u0131n\u0131z ve doktorunuzun re\u00e7ete yazd\u0131\u011f\u0131 takdirde re\u00e7eteyi randevuya g\u00f6t\u00fcrmeniz gerekir. FTR uzman\u0131na sormak istedi\u011finiz sorular\u0131 \u00f6nceden haz\u0131rlay\u0131n.<\/li>\n<li><u> Randevu s\u0131ras\u0131nda:<\/u> FTR uzman\u0131na durumunuzu ve t\u0131bbi ge\u00e7mi\u015finizi ayr\u0131nt\u0131l\u0131 olarak anlat\u0131n, hangi belirtileri ya\u015fad\u0131\u011f\u0131n\u0131z\u0131 ve ne t\u00fcr bir tedavi arad\u0131\u011f\u0131n\u0131z\u0131 a\u00e7\u0131klay\u0131n. Hekimin sorular\u0131n\u0131 d\u00fcr\u00fcst\u00e7e cevaplay\u0131n, size sundu\u011fu tedavi plan\u0131n\u0131 ve egzersizleri anlad\u0131\u011f\u0131n\u0131zdan emin olun. Herhangi bir sorunuz veya endi\u015feniz varsa sormaktan \u00e7ekinmeyin.<\/li>\n<li><u> Randevu sonras\u0131:<\/u> FTR uzman\u0131 ve fizyoterapistin talimatlar\u0131na uyun ve egzersizlerinizi d\u00fczenli olarak yap\u0131n. Herhangi bir sorunuz veya endi\u015feniz varsa ileti\u015fime ge\u00e7mekten \u00e7ekinmeyin. D\u00fczenli kontroller i\u00e7in g\u00f6r\u00fc\u015fmeye devam edin.<\/li>\n<\/ol>\n<p><u>Fizik tedavi randevusu al\u0131rken dikkat etmeniz gereken di\u011fer baz\u0131 noktalar:<\/u><\/p>\n<ol>\n<li>Randevuyu \u00f6nceden alman\u0131z\u0131 tavsiye ederiz. \u00d6zellikle yo\u011fun d\u00f6nemlerde randevu bulmak zor olabilir.<\/li>\n<li>Randevunuza ge\u00e7 kalmamaya \u00e7al\u0131\u015f\u0131n.<\/li>\n<li>Randevunuzu iptal etmeniz veya ertelemeniz gerekiyorsa, en az 24 saat \u00f6nceden merkeze haber verin.<\/li>\n<li>Rahat k\u0131yafetler ve spor ayakkab\u0131lar giyin.<\/li>\n<li>Fizik tedavi, bir\u00e7ok hastal\u0131k ve sorunun tedavisinde etkili bir y\u00f6ntemdir. Do\u011fru fizik tedavi ile daha h\u0131zl\u0131 iyile\u015febilir ve ya\u015fam kalitenizi art\u0131rabilirsiniz.<\/li>\n<\/ol>\n<p>&nbsp;<\/p>\n<ul>\n<li><strong>Fizik tedavi evde yap\u0131labilir mi?<\/strong><\/li>\n<\/ul>\n<p>Baz\u0131 durumlarda fizik tedavi evde yap\u0131labilir. Ancak, evde fizik tedavinin baz\u0131 s\u0131n\u0131rlamalar\u0131 oldu\u011funu ve her zaman en iyi se\u00e7enek olmad\u0131\u011f\u0131n\u0131 unutmamak \u00f6nemlidir. Mutlaka FTR uzman\u0131 ve fizyoterapist kontrol\u00fcnde hizmet al\u0131nmal\u0131d\u0131r.<\/p>\n<p><u>Evde fizik tedavinin faydalar\u0131:<\/u><\/p>\n<p><u>Rahatl\u0131k:<\/u> Evde fizik tedavi, klini\u011fe gitmeye gerek kalmadan kendi evinizin rahatl\u0131\u011f\u0131nda tedavi alman\u0131z\u0131 sa\u011flar.<\/p>\n<p><u>Esneklik:<\/u> Kendi program\u0131n\u0131za g\u00f6re tedavi olabilirsiniz.<\/p>\n<p><u>Maliyet:<\/u> Evde fizik tedavi genellikle klinikte fizik tedaviden daha ucuzdur.<\/p>\n<p><u>Evde fizik tedavinin s\u0131n\u0131rlamalar\u0131:<\/u><\/p>\n<p><u>G\u00f6zetim eksikli\u011fi:<\/u> Bir FTR uzman\u0131 ve fizyoterapistin g\u00f6zetimi olmadan, egzersizleri do\u011fru \u015fekilde yap\u0131p yapmad\u0131\u011f\u0131n\u0131zdan veya kendinizi yaralay\u0131p yaralamad\u0131\u011f\u0131n\u0131zdan emin olamayabilirsiniz.<\/p>\n<p><u>Ekipman eksikli\u011fi:<\/u> Evde klinikte bulunan t\u00fcm ekipmanlara sahip olmayabilirsiniz.<\/p>\n<p><u>Motivasyon eksikli\u011fi:<\/u> Evde motivasyon bulmak klinikte oldu\u011fundan daha zor olabilir.<\/p>\n<p><u>Evde fizik tedaviyi d\u00fc\u015f\u00fcn\u00fcyorsan\u0131z, \u015funlara dikkat etmeniz \u00f6nemlidir:<\/u><\/p>\n<ol>\n<li>FTR uzman\u0131na dan\u0131\u015f\u0131n.<\/li>\n<\/ol>\n<p>Doktorunuz, durumunuz i\u00e7in evde fizik tedavinin uygun olup olmad\u0131\u011f\u0131n\u0131 ve size \u00f6zel bir tedavi plan\u0131 olu\u015fturup olu\u015fturamayaca\u011f\u0131n\u0131 belirlemenize yard\u0131mc\u0131 olabilir.<\/p>\n<ol start=\"2\">\n<li>Bir fizyoterapistten rehberlik al\u0131n.<\/li>\n<\/ol>\n<p>Bir fizyoterapist, size do\u011fru egzersizleri ve egzersizleri nas\u0131l g\u00fcvenli bir \u015fekilde yapaca\u011f\u0131n\u0131z\u0131 \u00f6\u011fretebilir.<\/p>\n<ol start=\"3\">\n<li>Do\u011fru ekipmana sahip oldu\u011funuzdan emin olun.<\/li>\n<\/ol>\n<p>Gerekli ekipman\u0131 sat\u0131n alabilir veya kiralayabilirsiniz.<\/p>\n<ol start=\"4\">\n<li>Tedavinizi s\u00fcrd\u00fcrmek i\u00e7in motive olun.<\/li>\n<\/ol>\n<p>Evde fizik tedavinin ba\u015far\u0131l\u0131 olmas\u0131 i\u00e7in motive olmak \u00f6nemlidir. Bir egzersiz arkada\u015f\u0131 bulmak veya bir hedef belirlemek yard\u0131mc\u0131 olabilir.<\/p>\n<p><u>Evde fizik tedavi i\u00e7in baz\u0131 kaynaklar:<\/u><\/p>\n<p>Fizik tedavinizi yapan fizyoterapistiniz size egzersizler ve rehberlik sa\u011flayabilir.<\/p>\n<p>\u0130nternette, evde yapabilece\u011finiz egzersizleri g\u00f6steren bir\u00e7ok web sitesi ve video bulabilirsiniz.<\/p>\n<p>Evde fizik tedavi hakk\u0131nda bilgi edinebilece\u011finiz bir\u00e7ok kitap ve dergi bulunmaktad\u0131r.<\/p>\n<p><u>UNUTMAYIN:<\/u> Bu bilgiler genel bilgilendirme ama\u00e7l\u0131d\u0131r ve t\u0131bbi tavsiye yerine ge\u00e7mez. Herhangi bir tedaviye ba\u015flamadan \u00f6nce bir FTR uzman\u0131na dan\u0131\u015fman\u0131z \u00f6nemlidir.<\/p>\n\n\t\t<\/div>\n\t<\/div>\n<\/div><\/div><\/div><\/div><\/section>\r\n\t\r\r\n\r\n\r\r\n\n<\/div>","protected":false},"excerpt":{"rendered":"S\u0131k Sorulan Sorular Fizik tedavi ve rehabilitasyon nedir? Fiziksel t\u0131p ve rehabilitasyon, toplumun t\u00fcm ya\u015f gruplar\u0131ndan bireylerin do\u011fu\u015ftan veya edinilmi\u015f fonksiyonel k\u0131s\u0131tl\u0131l\u0131klar\u0131 veya g\u00fcnl\u00fck ya\u015fama kat\u0131l\u0131mdaki yetersizlikleri ile ba\u015f edebilmelerini, optimal fonksiyonlar\u0131 yeniden kazabilmelerini ve ya\u015famlar\u0131n\u0131 ba\u011f\u0131ms\u0131z s\u00fcrd\u00fcrebilmelerini ama\u00e7layan t\u0131p dal\u0131d\u0131r. A\u011fr\u0131y\u0131 azaltmak, hareket k\u0131s\u0131tl\u0131l\u0131\u011f\u0131n\u0131 d\u00fczeltmek, i\u015flevselli\u011fi geli\u015ftirmek, yaralanma ve hastal\u0131klardan sonra iyile\u015fmeyi h\u0131zland\u0131rmak gibi ama\u00e7larla yap\u0131lan \u00e7e\u015fitli fizik tedavi...","protected":false},"author":1,"featured_media":0,"parent":0,"menu_order":0,"comment_status":"closed","ping_status":"closed","template":"","meta":{"footnotes":""},"class_list":["post-11486","page","type-page","status-publish","hentry"],"_links":{"self":[{"href":"https:\/\/www.kardelengencer.com\/en\/wp-json\/wp\/v2\/pages\/11486","targetHints":{"allow":["GET"]}}],"collection":[{"href":"https:\/\/www.kardelengencer.com\/en\/wp-json\/wp\/v2\/pages"}],"about":[{"href":"https:\/\/www.kardelengencer.com\/en\/wp-json\/wp\/v2\/types\/page"}],"author":[{"embeddable":true,"href":"https:\/\/www.kardelengencer.com\/en\/wp-json\/wp\/v2\/users\/1"}],"replies":[{"embeddable":true,"href":"https:\/\/www.kardelengencer.com\/en\/wp-json\/wp\/v2\/comments?post=11486"}],"version-history":[{"count":6,"href":"https:\/\/www.kardelengencer.com\/en\/wp-json\/wp\/v2\/pages\/11486\/revisions"}],"predecessor-version":[{"id":11596,"href":"https:\/\/www.kardelengencer.com\/en\/wp-json\/wp\/v2\/pages\/11486\/revisions\/11596"}],"wp:attachment":[{"href":"https:\/\/www.kardelengencer.com\/en\/wp-json\/wp\/v2\/media?parent=11486"}],"curies":[{"name":"wp","href":"https:\/\/api.w.org\/{rel}","templated":true}]}}