{"id":11106,"date":"2015-11-02T07:11:10","date_gmt":"2015-11-02T07:11:10","guid":{"rendered":"http:\/\/zozothemes.com\/wp\/mistwp\/medical\/?page_id=14"},"modified":"2024-05-27T21:46:50","modified_gmt":"2024-05-27T18:46:50","slug":"hizmetlerimiz","status":"publish","type":"page","link":"https:\/\/www.kardelengencer.com\/en\/hizmetlerimiz\/","title":{"rendered":"Our services"},"content":{"rendered":"<div class=\"wpb-content-wrapper\"><section class=\"vc_row wpb_row vc_row-fluid vc_custom_1491901670569 vc-zozo-section typo-default\"><div class=\"zozo-vc-main-row-inner vc-normal-section\"><div class=\"container\"><div class=\"row\"><div class=\"wpb_column vc_main_column vc_column_container vc_col-sm-12 typo-default\"><div class=\"vc_column-inner\"><div class=\"wpb_wrapper\"><div class=\"zozo-parallax-header\"><div class=\"parallax-header content-style-default\"><h2 class=\"parallax-title\">Our services<\/h2><\/div><\/div><div class=\"zozo-services-grid-wrapper services-columns-4\"><div class=\"row services-grid-inner\"><div class=\"services-item col-md-3 col-sm-6 col-xs-12\"><div class=\"services-item-img\"><a href=\"https:\/\/www.kardelengencer.com\/en\/services\/kas-iskelet-sistemi-ultrasonografisi\/\"><img loading=\"lazy\" decoding=\"async\" class=\"img-responsive\" src=\"https:\/\/www.kardelengencer.com\/wp-content\/uploads\/2024\/04\/Kas-Iskelet-Sistemi-Ultrasonografisi-560x385.jpg\" width=\"560\" height=\"385\" alt=\"Kas-\u0130skelet Sistemi Ultrasono&#8230;\" \/><\/a><\/div><div class=\"services-content-wrapper\"><h4><a href=\"https:\/\/www.kardelengencer.com\/en\/services\/kas-iskelet-sistemi-ultrasonografisi\/\" title=\"Kas-\u0130skelet Sistemi Ultrasono&#8230;\">Kas-\u0130skelet Sistemi Ultrasono&#8230;<\/a><\/h4><div class=\"services-excerpts\"><p>Ultrasonography is a reliable and non-invasive imaging method that provides diagnosis and treatment during rapid examination, uses high-frequency<\/p><\/div><a href=\"https:\/\/www.kardelengencer.com\/en\/services\/kas-iskelet-sistemi-ultrasonografisi\/\" class=\"btn btn-more\" title=\"Kas-\u0130skelet Sistemi Ultrasono&#8230;\">Read More<\/a><\/div><\/div><div class=\"services-item col-md-3 col-sm-6 col-xs-12\"><div class=\"services-item-img\"><a href=\"https:\/\/www.kardelengencer.com\/en\/services\/eklem-enjeksiyonlari\/\"><img loading=\"lazy\" decoding=\"async\" class=\"img-responsive\" src=\"https:\/\/www.kardelengencer.com\/wp-content\/uploads\/2024\/04\/Eklem-Enjeksiyonlari-560x385.jpg\" width=\"560\" height=\"385\" alt=\"Eklem Enjeksiyonlar\u0131\" \/><\/a><\/div><div class=\"services-content-wrapper\"><h4><a href=\"https:\/\/www.kardelengencer.com\/en\/services\/eklem-enjeksiyonlari\/\" title=\"Joint Injections\">Joint Injections<\/a><\/h4><div class=\"services-excerpts\"><p>The purpose of joint injections in the tissue, which increases the amount or drain the fluid for the purpose of treatment is to inject liquid. Drain fluid<\/p><\/div><a href=\"https:\/\/www.kardelengencer.com\/en\/services\/eklem-enjeksiyonlari\/\" class=\"btn btn-more\" title=\"Joint Injections\">Read More<\/a><\/div><\/div><div class=\"services-item col-md-3 col-sm-6 col-xs-12\"><div class=\"services-item-img\"><a href=\"https:\/\/www.kardelengencer.com\/en\/services\/prp\/\"><img loading=\"lazy\" decoding=\"async\" class=\"img-responsive\" src=\"https:\/\/www.kardelengencer.com\/wp-content\/uploads\/2024\/04\/prp-560x385.png\" width=\"560\" height=\"385\" alt=\"PRP\" \/><\/a><\/div><div class=\"services-content-wrapper\"><h4><a href=\"https:\/\/www.kardelengencer.com\/en\/services\/prp\/\" title=\"PRP\">PRP<\/a><\/h4><div class=\"services-excerpts\"><p>PRP, platelet rich plasma therapy, i.e., a person's own blood platelets obtained from the injection of plasma into the tissue that is done by treatment.<\/p><\/div><a href=\"https:\/\/www.kardelengencer.com\/en\/services\/prp\/\" class=\"btn btn-more\" title=\"PRP\">Read More<\/a><\/div><\/div><div class=\"services-item col-md-3 col-sm-6 col-xs-12\"><div class=\"services-item-img\"><a href=\"https:\/\/www.kardelengencer.com\/en\/services\/kok-hucre\/\"><img loading=\"lazy\" decoding=\"async\" class=\"img-responsive\" src=\"https:\/\/www.kardelengencer.com\/wp-content\/uploads\/2024\/05\/Service-4-560x385.png\" width=\"560\" height=\"385\" alt=\"K\u00f6k H\u00fccre\" \/><\/a><\/div><div class=\"services-content-wrapper\"><h4><a href=\"https:\/\/www.kardelengencer.com\/en\/services\/kok-hucre\/\" title=\"Stem Cell\">Stem Cell<\/a><\/h4><div class=\"services-excerpts\"><p>Stem cell therapy, the body's cells to renew and repair itself tissues such as adipose tissue or bone marrow that have the ability and parsing of special<\/p><\/div><a href=\"https:\/\/www.kardelengencer.com\/en\/services\/kok-hucre\/\" class=\"btn btn-more\" title=\"Stem Cell\">Read More<\/a><\/div><\/div><div class=\"services-clearfix clearfix\"><\/div><div class=\"services-item col-md-3 col-sm-6 col-xs-12\"><div class=\"services-item-img\"><a href=\"https:\/\/www.kardelengencer.com\/en\/services\/iv-terapiler\/\"><img loading=\"lazy\" decoding=\"async\" class=\"img-responsive\" src=\"https:\/\/www.kardelengencer.com\/wp-content\/uploads\/2024\/04\/glutasyon-560x385.png\" width=\"560\" height=\"385\" alt=\"IV Terapiler\" \/><\/a><\/div><div class=\"services-content-wrapper\"><h4><a href=\"https:\/\/www.kardelengencer.com\/en\/services\/iv-terapiler\/\" title=\"IV therapies\">IV therapies<\/a><\/h4><div class=\"services-excerpts\"><p>IV () intravenous therapies; vein directly into the bloodstream through vitamins, minerals, amino acids, antioxidants, substances such as where<\/p><\/div><a href=\"https:\/\/www.kardelengencer.com\/en\/services\/iv-terapiler\/\" class=\"btn btn-more\" title=\"IV therapies\">Read More<\/a><\/div><\/div><div class=\"services-item col-md-3 col-sm-6 col-xs-12\"><div class=\"services-item-img\"><a href=\"https:\/\/www.kardelengencer.com\/en\/services\/glutatyon-yuksek-doz-c-vitamini\/\"><img loading=\"lazy\" decoding=\"async\" class=\"img-responsive\" src=\"https:\/\/www.kardelengencer.com\/wp-content\/uploads\/2024\/04\/21-560x385.jpg\" width=\"560\" height=\"385\" alt=\"Glutatyon, Y\u00fcksek Doz C Vit&#8230;\" \/><\/a><\/div><div class=\"services-content-wrapper\"><h4><a href=\"https:\/\/www.kardelengencer.com\/en\/services\/glutatyon-yuksek-doz-c-vitamini\/\" title=\"Glutatyon, Y\u00fcksek Doz C Vit&#8230;\">Glutatyon, Y\u00fcksek Doz C Vit&#8230;<\/a><\/h4><div class=\"services-excerpts\"><p>Glutathione, the neutralization of free radicals, detoxification, transportation and storage of cysteines, ascorbic acid and vitamin E in many processes, such<\/p><\/div><a href=\"https:\/\/www.kardelengencer.com\/en\/services\/glutatyon-yuksek-doz-c-vitamini\/\" class=\"btn btn-more\" title=\"Glutatyon, Y\u00fcksek Doz C Vit&#8230;\">Read More<\/a><\/div><\/div><div class=\"services-item col-md-3 col-sm-6 col-xs-12\"><div class=\"services-item-img\"><a href=\"https:\/\/www.kardelengencer.com\/en\/services\/alfa-lipoik-asid\/\"><img loading=\"lazy\" decoding=\"async\" class=\"img-responsive\" src=\"https:\/\/www.kardelengencer.com\/wp-content\/uploads\/2024\/04\/alfa-lipoik-asid-560x385.jpg\" width=\"560\" height=\"385\" alt=\"Alfa-Lipoik Asid\" \/><\/a><\/div><div class=\"services-content-wrapper\"><h4><a href=\"https:\/\/www.kardelengencer.com\/en\/services\/alfa-lipoik-asid\/\" title=\"Alfa-Lipoik Asid\">Alfa-Lipoik Asid<\/a><\/h4><div class=\"services-excerpts\"><p>Alpha-lipoic acid (ALA) is naturally produced in the body, glutathione, ascorbic acid and other antioxidants like vitamin E is a powerful antioxidant that<\/p><\/div><a href=\"https:\/\/www.kardelengencer.com\/en\/services\/alfa-lipoik-asid\/\" class=\"btn btn-more\" title=\"Alfa-Lipoik Asid\">Read More<\/a><\/div><\/div><div class=\"services-item col-md-3 col-sm-6 col-xs-12\"><div class=\"services-item-img\"><a href=\"https:\/\/www.kardelengencer.com\/en\/services\/fat-burning-yag-yakici-terapi\/\"><img loading=\"lazy\" decoding=\"async\" class=\"img-responsive\" src=\"https:\/\/www.kardelengencer.com\/wp-content\/uploads\/2024\/05\/Fat-Burning-560x385.jpg\" width=\"560\" height=\"385\" alt=\"Fat Burning (Ya\u011f Yak\u0131c\u0131) Terapi\" \/><\/a><\/div><div class=\"services-content-wrapper\"><h4><a href=\"https:\/\/www.kardelengencer.com\/en\/services\/fat-burning-yag-yakici-terapi\/\" title=\"Fat Burning (Fat Burner) Therapy\">Fat Burning (Fat Burner) Therapy<\/a><\/h4><div class=\"services-excerpts\"><p>Fat burning therapy, L-carnitine and consists of a mixture of zinc. The metabolic rate of our body slows down with age. To counteract this natural<\/p><\/div><a href=\"https:\/\/www.kardelengencer.com\/en\/services\/fat-burning-yag-yakici-terapi\/\" class=\"btn btn-more\" title=\"Fat Burning (Fat Burner) Therapy\">Read More<\/a><\/div><\/div><div class=\"services-clearfix clearfix\"><\/div><div class=\"services-item col-md-3 col-sm-6 col-xs-12\"><div class=\"services-item-img\"><a href=\"https:\/\/www.kardelengencer.com\/en\/services\/zayiflama-diyet-programi\/\"><img loading=\"lazy\" decoding=\"async\" class=\"img-responsive\" src=\"https:\/\/www.kardelengencer.com\/wp-content\/uploads\/2024\/04\/zayiflama-diyet-programi-560x385.jpg\" width=\"560\" height=\"385\" alt=\"Zay\u0131flama Diyet Program\u0131\" \/><\/a><\/div><div class=\"services-content-wrapper\"><h4><a href=\"https:\/\/www.kardelengencer.com\/en\/services\/zayiflama-diyet-programi\/\" title=\"Weight Loss Diet Program\">Weight Loss Diet Program<\/a><\/h4><div class=\"services-excerpts\"><p>There is no miracle diet for permanent weight loss and healthy. Age, gender, health status, based on personalized diet metabolic rate and daily activity level should be determined.<\/p><\/div><a href=\"https:\/\/www.kardelengencer.com\/en\/services\/zayiflama-diyet-programi\/\" class=\"btn btn-more\" title=\"Weight Loss Diet Program\">Read More<\/a><\/div><\/div><div class=\"services-item col-md-3 col-sm-6 col-xs-12\"><div class=\"services-item-img\"><a href=\"https:\/\/www.kardelengencer.com\/en\/services\/sporcu-diyet-programi\/\"><img loading=\"lazy\" decoding=\"async\" class=\"img-responsive\" src=\"https:\/\/www.kardelengencer.com\/wp-content\/uploads\/2024\/04\/sporcu-diyeti-560x385.jpg\" width=\"560\" height=\"385\" alt=\"Sporcu Diyet Program\u0131\" \/><\/a><\/div><div class=\"services-content-wrapper\"><h4><a href=\"https:\/\/www.kardelengencer.com\/en\/services\/sporcu-diyet-programi\/\" title=\"Athlete&#039;s Diet Program\">Athlete&#039;s Diet Program<\/a><\/h4><div class=\"services-excerpts\"><p>Athlete diet program, engaged in sports training and competition nutrition specifically designed to protect and optimize their performance of their overall wellness program.<\/p><\/div><a href=\"https:\/\/www.kardelengencer.com\/en\/services\/sporcu-diyet-programi\/\" class=\"btn btn-more\" title=\"Athlete&#039;s Diet Program\">Read More<\/a><\/div><\/div><div class=\"services-item col-md-3 col-sm-6 col-xs-12\"><div class=\"services-item-img\"><a href=\"https:\/\/www.kardelengencer.com\/en\/services\/osteoporoz-tedavisi\/\"><img loading=\"lazy\" decoding=\"async\" class=\"img-responsive\" src=\"https:\/\/www.kardelengencer.com\/wp-content\/uploads\/2024\/04\/Osteoporoz-Tedavisi-560x385.png\" width=\"560\" height=\"385\" alt=\"Osteoporoz Tedavisi\" \/><\/a><\/div><div class=\"services-content-wrapper\"><h4><a href=\"https:\/\/www.kardelengencer.com\/en\/services\/osteoporoz-tedavisi\/\" title=\"Treatment Of Osteoporosis\">Treatment Of Osteoporosis<\/a><\/h4><div class=\"services-excerpts\"><p>Osteoporosis, low bone mass and bone micro-architecture deterioration due to loss of bone strength and fragility is a disease that causes the increase. In women after menopause<\/p><\/div><a href=\"https:\/\/www.kardelengencer.com\/en\/services\/osteoporoz-tedavisi\/\" class=\"btn btn-more\" title=\"Treatment Of Osteoporosis\">Read More<\/a><\/div><\/div><div class=\"services-item col-md-3 col-sm-6 col-xs-12\"><div class=\"services-item-img\"><a href=\"https:\/\/www.kardelengencer.com\/en\/services\/elektroterapi\/\"><img loading=\"lazy\" decoding=\"async\" class=\"img-responsive\" src=\"https:\/\/www.kardelengencer.com\/wp-content\/uploads\/2024\/04\/Elektroterapi-560x385.jpg\" width=\"560\" height=\"385\" alt=\"Elektroterapi\" \/><\/a><\/div><div class=\"services-content-wrapper\"><h4><a href=\"https:\/\/www.kardelengencer.com\/en\/services\/elektroterapi\/\" title=\"Electrotherapy\">Electrotherapy<\/a><\/h4><div class=\"services-excerpts\"><p>Benefiting from the physical effects of the electrical current given on the method of treatment is called electrotherapy. Electrotherapy pain and reduce edema, Nov loosen muscles<\/p><\/div><a href=\"https:\/\/www.kardelengencer.com\/en\/services\/elektroterapi\/\" class=\"btn btn-more\" title=\"Electrotherapy\">Read More<\/a><\/div><\/div><div class=\"services-clearfix clearfix\"><\/div><div class=\"services-item col-md-3 col-sm-6 col-xs-12\"><div class=\"services-item-img\"><a href=\"https:\/\/www.kardelengencer.com\/en\/services\/manuel-tedavi\/\"><img loading=\"lazy\" decoding=\"async\" class=\"img-responsive\" src=\"https:\/\/www.kardelengencer.com\/wp-content\/uploads\/2024\/04\/Manuel-Terapi-560x385.png\" width=\"560\" height=\"385\" alt=\"Manuel Tedavi\" \/><\/a><\/div><div class=\"services-content-wrapper\"><h4><a href=\"https:\/\/www.kardelengencer.com\/en\/services\/manuel-tedavi\/\" title=\"Manual Therapy\">Manual Therapy<\/a><\/h4><div class=\"services-excerpts\"><p>Manual therapy, in order to solve the problems in the skeletal system Nov, where the hands are used for therapy. Improve joint movement and flexibility, Nov reduce spasms, and pain<\/p><\/div><a href=\"https:\/\/www.kardelengencer.com\/en\/services\/manuel-tedavi\/\" class=\"btn btn-more\" title=\"Manual Therapy\">Read More<\/a><\/div><\/div><div class=\"services-item col-md-3 col-sm-6 col-xs-12\"><div class=\"services-item-img\"><a href=\"https:\/\/www.kardelengencer.com\/en\/services\/kayropraksi\/\"><img loading=\"lazy\" decoding=\"async\" class=\"img-responsive\" src=\"https:\/\/www.kardelengencer.com\/wp-content\/uploads\/2024\/04\/Kayropraksi-560x385.jpg\" width=\"560\" height=\"385\" alt=\"Kayropraksi\" \/><\/a><\/div><div class=\"services-content-wrapper\"><h4><a href=\"https:\/\/www.kardelengencer.com\/en\/services\/kayropraksi\/\" title=\"Kayropraksi\">Kayropraksi<\/a><\/h4><div class=\"services-excerpts\"><p>Kayropraksi, and correction of functional disorders of the spine and joints of the hands used in manual therapy is a method aiming to alleviate the pain. Typically, the clinical range of motion<\/p><\/div><a href=\"https:\/\/www.kardelengencer.com\/en\/services\/kayropraksi\/\" class=\"btn btn-more\" title=\"Kayropraksi\">Read More<\/a><\/div><\/div><div class=\"services-item col-md-3 col-sm-6 col-xs-12\"><div class=\"services-item-img\"><a href=\"https:\/\/www.kardelengencer.com\/en\/services\/schroth-skolyoz-terapisi\/\"><img loading=\"lazy\" decoding=\"async\" class=\"img-responsive\" src=\"https:\/\/www.kardelengencer.com\/wp-content\/uploads\/2024\/05\/Skolyoz-560x385.jpg\" width=\"560\" height=\"385\" alt=\"Schroth Skolyoz Terapisi\" \/><\/a><\/div><div class=\"services-content-wrapper\"><h4><a href=\"https:\/\/www.kardelengencer.com\/en\/services\/schroth-skolyoz-terapisi\/\" title=\"Schroth Scoliosis Therapy\">Schroth Scoliosis Therapy<\/a><\/h4><div class=\"services-excerpts\"><p>Scoliosis, a sideways curvature of the spine, as well as the return of the spine and depending on the degree of curvature may cause cardiopulmonary disorders. Scoliosis often<\/p><\/div><a href=\"https:\/\/www.kardelengencer.com\/en\/services\/schroth-skolyoz-terapisi\/\" class=\"btn btn-more\" title=\"Schroth Scoliosis Therapy\">Read More<\/a><\/div><\/div><div class=\"services-item col-md-3 col-sm-6 col-xs-12\"><div class=\"services-item-img\"><a href=\"https:\/\/www.kardelengencer.com\/en\/services\/klinik-pilates\/\"><img loading=\"lazy\" decoding=\"async\" class=\"img-responsive\" src=\"https:\/\/www.kardelengencer.com\/wp-content\/uploads\/2024\/05\/Klinik-pilates-560x385.jpg\" width=\"560\" height=\"385\" alt=\"Klinik Pilates\" \/><\/a><\/div><div class=\"services-content-wrapper\"><h4><a href=\"https:\/\/www.kardelengencer.com\/en\/services\/klinik-pilates\/\" title=\"Clinical Pilates\">Clinical Pilates<\/a><\/h4><div class=\"services-excerpts\"><p>Pilates, increase flexibility, especially abdominal, back and strengthen the muscles of the hip, corrects posture, improves balance and coordination exercise method. Right between the<\/p><\/div><a href=\"https:\/\/www.kardelengencer.com\/en\/services\/klinik-pilates\/\" class=\"btn btn-more\" title=\"Clinical Pilates\">Read More<\/a><\/div><\/div><div class=\"services-clearfix clearfix\"><\/div><div class=\"services-item col-md-3 col-sm-6 col-xs-12\"><div class=\"services-item-img\"><a href=\"https:\/\/www.kardelengencer.com\/en\/services\/ortopedik-rehabilitasyon\/\"><img loading=\"lazy\" decoding=\"async\" class=\"img-responsive\" src=\"https:\/\/www.kardelengencer.com\/wp-content\/uploads\/2024\/05\/Ortopedik-Rehabilitasyon-560x385.jpg\" width=\"560\" height=\"385\" alt=\"Ortopedik Rehabilitasyon\" \/><\/a><\/div><div class=\"services-content-wrapper\"><h4><a href=\"https:\/\/www.kardelengencer.com\/en\/services\/ortopedik-rehabilitasyon\/\" title=\"Orthopedic Rehabilitation\">Orthopedic Rehabilitation<\/a><\/h4><div class=\"services-excerpts\"><p>Orthopedic rehabilitation, Nov-skeletal system related to any disorder, disease or as a result of injury refers to the recovery of body function. Joint\r\n<\/p><\/div><a href=\"https:\/\/www.kardelengencer.com\/en\/services\/ortopedik-rehabilitasyon\/\" class=\"btn btn-more\" title=\"Orthopedic Rehabilitation\">Read More<\/a><\/div><\/div><div class=\"services-item col-md-3 col-sm-6 col-xs-12\"><div class=\"services-item-img\"><a href=\"https:\/\/www.kardelengencer.com\/en\/services\/sportif-rehabilitasyon\/\"><img loading=\"lazy\" decoding=\"async\" class=\"img-responsive\" src=\"https:\/\/www.kardelengencer.com\/wp-content\/uploads\/2024\/04\/athlete-runner-prepare-run-from-crouch-start-560x385.jpg\" width=\"560\" height=\"385\" alt=\"Sportif Rehabilitasyon\" \/><\/a><\/div><div class=\"services-content-wrapper\"><h4><a href=\"https:\/\/www.kardelengencer.com\/en\/services\/sportif-rehabilitasyon\/\" title=\"Sporty Rehabilitation\">Sporty Rehabilitation<\/a><\/h4><div class=\"services-excerpts\"><p>Sporty rehabilitation, athletes, or to prevent the risk of injury that may occur during a game or practice to treat injuries that occur in sports<\/p><\/div><a href=\"https:\/\/www.kardelengencer.com\/en\/services\/sportif-rehabilitasyon\/\" class=\"btn btn-more\" title=\"Sporty Rehabilitation\">Read More<\/a><\/div><\/div><div class=\"services-item col-md-3 col-sm-6 col-xs-12\"><div class=\"services-item-img\"><a href=\"https:\/\/www.kardelengencer.com\/en\/services\/izokinetik-guclendirme\/\"><img loading=\"lazy\" decoding=\"async\" class=\"img-responsive\" src=\"https:\/\/www.kardelengencer.com\/wp-content\/uploads\/2024\/05\/Izokinetik-guclendirme-560x385.jpg\" width=\"560\" height=\"385\" alt=\"\u0130zokinetik G\u00fc\u00e7lendirme\" \/><\/a><\/div><div class=\"services-content-wrapper\"><h4><a href=\"https:\/\/www.kardelengencer.com\/en\/services\/izokinetik-guclendirme\/\" title=\"Isokinetic Strengthening\">Isokinetic Strengthening<\/a><\/h4><div class=\"services-excerpts\"><p>Isokinetic strengthening programs, exercise programs are a specific group or area of the body that focuses on Nov. These programs increase mass and<\/p><\/div><a href=\"https:\/\/www.kardelengencer.com\/en\/services\/izokinetik-guclendirme\/\" class=\"btn btn-more\" title=\"Isokinetic Strengthening\">Read More<\/a><\/div><\/div><div class=\"services-item col-md-3 col-sm-6 col-xs-12\"><div class=\"services-item-img\"><a href=\"https:\/\/www.kardelengencer.com\/en\/services\/el-rehabilitasyonu\/\"><img loading=\"lazy\" decoding=\"async\" class=\"img-responsive\" src=\"https:\/\/www.kardelengencer.com\/wp-content\/uploads\/2024\/05\/El-rehabilitasyon-560x385.jpg\" width=\"560\" height=\"385\" alt=\"El Rehabilitasyonu\" \/><\/a><\/div><div class=\"services-content-wrapper\"><h4><a href=\"https:\/\/www.kardelengencer.com\/en\/services\/el-rehabilitasyonu\/\" title=\"Hand Rehabilitation\">Hand Rehabilitation<\/a><\/h4><div class=\"services-excerpts\"><p>Hand rehabilitation, hand and fingers in Nov, nerve or bone injury and treatment to regain function after a series of exercises designed to help<\/p><\/div><a href=\"https:\/\/www.kardelengencer.com\/en\/services\/el-rehabilitasyonu\/\" class=\"btn btn-more\" title=\"Hand Rehabilitation\">Read More<\/a><\/div><\/div><div class=\"services-clearfix clearfix\"><\/div><div class=\"services-item col-md-3 col-sm-6 col-xs-12\"><div class=\"services-item-img\"><a href=\"https:\/\/www.kardelengencer.com\/en\/services\/norolojik-rehabilitasyon\/\"><img loading=\"lazy\" decoding=\"async\" class=\"img-responsive\" src=\"https:\/\/www.kardelengencer.com\/wp-content\/uploads\/2024\/05\/Norolojik-Rehabilitasyon-560x385.jpg\" width=\"560\" height=\"385\" alt=\"N\u00f6rolojik Rehabilitasyon\" \/><\/a><\/div><div class=\"services-content-wrapper\"><h4><a href=\"https:\/\/www.kardelengencer.com\/en\/services\/norolojik-rehabilitasyon\/\" title=\"Neurological Rehabilitation\">Neurological Rehabilitation<\/a><\/h4><div class=\"services-excerpts\"><p>Neurological rehabilitation, brain, spinal cord or nervous system disorders that occur as a result of damage and improve functional living skills to help regain the patient&#039;s daily<\/p><\/div><a href=\"https:\/\/www.kardelengencer.com\/en\/services\/norolojik-rehabilitasyon\/\" class=\"btn btn-more\" title=\"Neurological Rehabilitation\">Read More<\/a><\/div><\/div><div class=\"services-item col-md-3 col-sm-6 col-xs-12\"><div class=\"services-item-img\"><a href=\"https:\/\/www.kardelengencer.com\/en\/services\/lenfodem-rehabilitasyonu\/\"><img loading=\"lazy\" decoding=\"async\" class=\"img-responsive\" src=\"https:\/\/www.kardelengencer.com\/wp-content\/uploads\/2024\/04\/primer-sekonder-lenfodem-g-1-560x385.webp\" width=\"560\" height=\"385\" alt=\"Lenf\u00f6dem Rehabilitasyonu\" \/><\/a><\/div><div class=\"services-content-wrapper\"><h4><a href=\"https:\/\/www.kardelengencer.com\/en\/services\/lenfodem-rehabilitasyonu\/\" title=\"Lymphedema Rehabilitation\">Lymphedema Rehabilitation<\/a><\/h4><div class=\"services-excerpts\"><p>Lymphedema, the lymphatic vessels of the lymphatic system because of unsatisfactory operation due to the disruption of tissues and is defined as the accumulation of liquid fibroadipoz.<\/p><\/div><a href=\"https:\/\/www.kardelengencer.com\/en\/services\/lenfodem-rehabilitasyonu\/\" class=\"btn btn-more\" title=\"Lymphedema Rehabilitation\">Read More<\/a><\/div><\/div><\/div><\/div><\/div><\/div><\/div><\/div><\/div><\/div><\/section>\r\n\t\r\r\n\r\n\r\r\n\r\n\r\r\n\t<section class=\"vc_row wpb_row vc_row-fluid vc_custom_1491892419327 vc-zozo-section typo-default\"><div class=\"zozo-vc-main-row-inner vc-normal-section\"><div class=\"container\"><div class=\"row\"><div class=\"wpb_column vc_main_column vc_column_container vc_col-sm-12 typo-default\"><div class=\"vc_column-inner\"><div class=\"wpb_wrapper\"><\/div><\/div><\/div><\/div><\/div><\/div><\/section>\n<\/div>","protected":false},"excerpt":{"rendered":"Lenf\u00f6dem Rehabilitasyonu Lenf\u00f6dem, lenf sisteminin yetersiz \u00e7al\u0131\u015fmas\u0131 nedeniyle lenfatik ak\u0131\u015f\u0131n bozulmas\u0131na ba\u011fl\u0131 olarak s\u0131v\u0131 ve fibroadipoz dokular\u0131n birikmesi olarak tan\u0131mlan\u0131r. Do\u011fu\u015ftan olabilece\u011fi gibi, lenfatik ak\u0131\u015f\u0131 engelleyen bir tedavi veya cerrahi sonras\u0131nda da geli\u015febilir. Bu durum, kollarda, bacaklarda veya g\u00f6vdede \u015fi\u015flik, a\u011fr\u0131, ciltte gerginlik ve hassasiyet gibi belirtilere yol a\u00e7abilir. Lenf\u00f6dem tedavisinin temel amac\u0131, lenf ak\u0131\u015f\u0131n\u0131 art\u0131rmak, \u015fi\u015fli\u011fi azaltmak ve semptomlar\u0131...","protected":false},"author":1,"featured_media":0,"parent":0,"menu_order":0,"comment_status":"closed","ping_status":"closed","template":"template-fullwidth.php","meta":{"footnotes":""},"class_list":["post-11106","page","type-page","status-publish","hentry"],"_links":{"self":[{"href":"https:\/\/www.kardelengencer.com\/en\/wp-json\/wp\/v2\/pages\/11106","targetHints":{"allow":["GET"]}}],"collection":[{"href":"https:\/\/www.kardelengencer.com\/en\/wp-json\/wp\/v2\/pages"}],"about":[{"href":"https:\/\/www.kardelengencer.com\/en\/wp-json\/wp\/v2\/types\/page"}],"author":[{"embeddable":true,"href":"https:\/\/www.kardelengencer.com\/en\/wp-json\/wp\/v2\/users\/1"}],"replies":[{"embeddable":true,"href":"https:\/\/www.kardelengencer.com\/en\/wp-json\/wp\/v2\/comments?post=11106"}],"version-history":[{"count":11,"href":"https:\/\/www.kardelengencer.com\/en\/wp-json\/wp\/v2\/pages\/11106\/revisions"}],"predecessor-version":[{"id":11601,"href":"https:\/\/www.kardelengencer.com\/en\/wp-json\/wp\/v2\/pages\/11106\/revisions\/11601"}],"wp:attachment":[{"href":"https:\/\/www.kardelengencer.com\/en\/wp-json\/wp\/v2\/media?parent=11106"}],"curies":[{"name":"wp","href":"https:\/\/api.w.org\/{rel}","templated":true}]}}